{"id":65698,"date":"2025-05-21T21:37:57","date_gmt":"2025-05-21T21:37:57","guid":{"rendered":"https:\/\/psicologiadeapie.com\/terapia-familiar-en-valencia\/"},"modified":"2025-05-21T21:37:57","modified_gmt":"2025-05-21T21:37:57","slug":"terapia-familiar-en-valencia","status":"publish","type":"page","link":"https:\/\/psicologiadeapie.es\/?page_id=65698","title":{"rendered":"Terapia familiar en Valencia"},"content":{"rendered":"<h2> Fortalece los V\u00ednculos y Mejora la Comunicaci\u00f3n con Terapia Familiar en Valencia<\/h2>\n<p>Los ni\u00f1os y adolescentes tambi\u00e9n enfrentan desaf\u00edos emocionales que requieren atenci\u00f3n especializada. Nuestra terapia infantil y juvenil ofrece un entorno seguro para mejorar la autoestima, la gesti\u00f3n emocional y el comportamiento social de los m\u00e1s j\u00f3venes.<\/p>\n<p>\t\t\t\t\t\t\t\t\t\t\t\t\t\t\t<img fetchpriority=\"high\" decoding=\"async\" width=\"480\" height=\"230\" src=\"https:\/\/psicologiadeapie.es\/wp-content\/uploads\/2025\/02\/Terapia-de-familia-en-Valencia.webp\" alt=\"\" srcset=\"https:\/\/psicologiadeapie.es\/wp-content\/uploads\/2025\/02\/Terapia-de-familia-en-Valencia.webp 480w, https:\/\/psicologiadeapie.es\/wp-content\/uploads\/2025\/02\/Terapia-de-familia-en-Valencia-300x144.webp 300w, https:\/\/psicologiadeapie.es\/wp-content\/uploads\/2025\/02\/Terapia-de-familia-en-Valencia-370x177.webp 370w, https:\/\/psicologiadeapie.es\/wp-content\/uploads\/2025\/02\/Terapia-de-familia-en-Valencia-410x196.webp 410w\" sizes=\"(max-width: 600px) 100vw, 480px\" \/>\t\t\t\t\t\t\t\t\t\t\t\t\t\t\t<\/p>\n<h2>\u00bfCu\u00e1ndo es Necesario Acudir a Terapia Familiar?<\/h2>\n<p data-pm-slice=\"1 1 []\">Las familias pueden atravesar momentos de crisis o dificultades que afectan su estabilidad emocional. Algunos signos de que la terapia familiar puede ser beneficiosa incluyen:<\/p>\n<p>\t\t\t\t\t<a href=\"https:\/\/api.whatsapp.com\/send?phone=34638876674\"><br \/>\n\t\t\t\t\t\t\t\t\tPide Cita<br \/>\n\t\t\t\t\t<\/a><\/p>\n<ul data-spread=\"false\" data-pm-slice=\"3 3 []\">\n<li>\n<p><strong>Problemas de comunicaci\u00f3n<\/strong>: dificultades para expresar emociones, malentendidos constantes o discusiones frecuentes.<\/p>\n<\/li>\n<li>\n<p><strong>Conflictos entre miembros de la familia<\/strong>: tensiones entre padres e hijos, rivalidad entre hermanos o conflictos generacionales.<\/p>\n<\/li>\n<\/ul>\n<ul data-spread=\"false\" data-pm-slice=\"3 3 []\">\n<li>\n<p><strong>Cambios significativos en la estructura familiar<\/strong>: divorcios, separaciones, llegada de nuevos miembros o p\u00e9rdida de un ser querido.<\/p>\n<\/li>\n<li>\n<p><strong>Dificultades en la crianza y educaci\u00f3n de los hijos<\/strong>: diferencias en la disciplina, l\u00edmites poco claros o problemas de conducta.<\/p>\n<\/li>\n<\/ul>\n<ul data-spread=\"false\" data-pm-slice=\"3 3 []\">\n<li>\n<p data-pm-slice=\"1 1 [&quot;list&quot;,{&quot;spread&quot;:false,&quot;start&quot;:777,&quot;end&quot;:1434},&quot;regular_list_item&quot;,{&quot;start&quot;:1303,&quot;end&quot;:1434}]\"><strong>Impacto emocional de factores externos<\/strong>: estr\u00e9s laboral, problemas econ\u00f3micos o enfermedades que afectan la din\u00e1mica familiar.<\/p>\n<\/li>\n<\/ul>\n<h2>Beneficios de la Terapia Familiar<\/h2>\n<p data-pm-slice=\"1 1 []\">Trabajamos con diversas metodolog\u00edas terap\u00e9uticas adaptadas a tus necesidades para ayudarte a afrontar los desaf\u00edos emocionales y mejorar tu calidad de vida.<\/p>\n<h2>Mejora de la comunicaci\u00f3n<\/h2>\n<p>Promoviendo un di\u00e1logo abierto y respetuoso.<\/p>\n<h2>Resoluci\u00f3n de conflictos<\/h2>\n<p data-pm-slice=\"1 1 [&quot;list&quot;,{&quot;spread&quot;:false,&quot;start&quot;:1809,&quot;end&quot;:2206},&quot;regular_list_item&quot;,{&quot;start&quot;:1887,&quot;end&quot;:1971}]\"><strong>De manera saludable<\/strong>, evitar din\u00e1micas destructivas.<\/p>\n<h2>Refuerzo del apoyo emocional<\/h2>\n<p data-pm-slice=\"1 1 [&quot;list&quot;,{&quot;spread&quot;:false,&quot;start&quot;:1809,&quot;end&quot;:2206},&quot;regular_list_item&quot;,{&quot;start&quot;:1972,&quot;end&quot;:2065}]\">Aumentando la comprensi\u00f3n y empat\u00eda dentro de la familia.<\/p>\n<h2>Reducci\u00f3n del estr\u00e9s y la ansiedad<\/h2>\n<p>Promoviendo un ambiente m\u00e1s armonioso.<\/p>\n<h2>Construcci\u00f3n de relaciones m\u00e1s s\u00f3lidas y funcionales.<\/h2>\n<p>\t\t\t\t\t<a href=\"https:\/\/api.whatsapp.com\/send?phone=34638876674\"><br \/>\n\t\t\t\t\t\t\t\t\tConsulta aqu\u00ed<br \/>\n\t\t\t\t\t<\/a><\/p>\n<p data-pm-slice=\"1 1 []\">Si buscas mejorar tus dinamicas familiares, tenemos terapia familiar en Valencia con diferentes modalidades<\/p>\n<p>\t\t\t\t\t\t\t\t\t\t\t\t\t\t\t<img decoding=\"async\" width=\"952\" height=\"476\" src=\"https:\/\/psicologiadeapie.es\/wp-content\/uploads\/2025\/02\/Terapia-familiar-Valencia9.webp\" alt=\"\" srcset=\"https:\/\/psicologiadeapie.es\/wp-content\/uploads\/2025\/02\/Terapia-familiar-Valencia9.webp 952w, https:\/\/psicologiadeapie.es\/wp-content\/uploads\/2025\/02\/Terapia-familiar-Valencia9-300x150.webp 300w, https:\/\/psicologiadeapie.es\/wp-content\/uploads\/2025\/02\/Terapia-familiar-Valencia9-768x384.webp 768w, https:\/\/psicologiadeapie.es\/wp-content\/uploads\/2025\/02\/Terapia-familiar-Valencia9-370x185.webp 370w, https:\/\/psicologiadeapie.es\/wp-content\/uploads\/2025\/02\/Terapia-familiar-Valencia9-840x420.webp 840w, https:\/\/psicologiadeapie.es\/wp-content\/uploads\/2025\/02\/Terapia-familiar-Valencia9-410x205.webp 410w\" sizes=\"(max-width: 952px) 100vw, 952px\" \/>\t\t\t\t\t\t\t\t\t\t\t\t\t\t\t<\/p>\n<h2>Terapia Familiar Presencial y Online<\/h2>\n<p data-pm-slice=\"1 1 []\">Sabemos que cada familia tiene distintas necesidades y horarios, por eso ofrecemos <strong>terapia familiar en Valencia<\/strong> tanto en modalidad presencial como online, facilitando el acceso a apoyo profesional sin importar la distancia.<\/p>\n<h2>Fortalece tu Familia, pide Consulta<\/h2>\n<p data-pm-slice=\"1 1 []\">Si sientes que la relaci\u00f3n con tu familia puede mejorar, no dudes en buscar ayuda profesional. La <strong>terapia familiar en Valencia<\/strong> puede ser la clave para lograr una convivencia m\u00e1s armoniosa y enriquecedora.<\/p>\n<p><strong>Llama al +34 638 876 674<\/strong> o visita nuestra p\u00e1gina web <a href=\"https:\/\/psicologiadeapie.es\">www.psicologiadeapie.com<\/a> para programar una consulta.<\/p>\n<h2>Juntos podemos construir un ambiente familiar m\u00e1s saludable y feliz.<\/h2>\n<p>\t\t\t\t\t<a href=\"https:\/\/api.whatsapp.com\/send?phone=34638876674\"><br \/>\n\t\t\t\t\t\t\t\t\tPide cita<br \/>\n\t\t\t\t\t<\/a><\/p>\n<h2>Psicolog\u00eda de apie<\/h2>\n<p>Da el primer paso hacia una vida m\u00e1s equilibrada y saludable<\/p>\n<p>\t\t\t\t\t\t\t<a href=\"https:\/\/psicologiadeapie.es\/terapia-de-pareja-valencia\/\" target=\"_blank\" rel=\"noopener \"><br \/>\n\t\t\t\t\t\tTerapia de pareja<br \/>\n\t\t\t\t<\/a><br \/>\n\t\t\t\t\t\t\t<a href=\"https:\/\/psicologiadeapie.es\/psicologia-para-la-ansiedad\/\" target=\"_blank\" rel=\"noopener \"><br \/>\n\t\t\t\t\t\tPsicolog\u00eda para la ansiedad<br \/>\n\t\t\t\t<\/a><br \/>\n\t\t\t\t\t<a target=\"_blank\" rel=\"noopener \" aria-label=\"Facebook\" href=\"\"><br \/>\n\t\t\t\t\t\t\t\t\t\t\t<\/a><br \/>\n\t\t\t\t\t<a href=\"https:\/\/www.instagram.com\/psicologiadeapie?igsh=NTN2dnBvOGcyMDVj\" target=\"_blank\" rel=\"noopener \" aria-label=\"Instagram\"><br \/>\n\t\t\t\t\t\t\t\t\t\t\t<\/a><br \/>\n\t\t\t\t\t<a target=\"_blank\" rel=\"noopener \" aria-label=\"TikTok\" href=\"\"><br \/>\n\t\t\t\t\t\t\t\t\t\t\t<\/a><\/p>\n","protected":false},"excerpt":{"rendered":"<p>Fortalece los V\u00ednculos y Mejora la Comunicaci\u00f3n con Terapia Familiar en Valencia Los ni\u00f1os y adolescentes tambi\u00e9n enfrentan desaf\u00edos emocionales que requieren atenci\u00f3n especializada. Nuestra terapia infantil y juvenil ofrece&hellip;<\/p>\n","protected":false},"author":1,"featured_media":0,"parent":0,"menu_order":0,"comment_status":"open","ping_status":"open","template":"","meta":{"footnotes":""},"class_list":["post-65698","page","type-page","status-publish","hentry"],"yoast_head":"<!-- This site is optimized with the Yoast SEO plugin v27.4 - https:\/\/yoast.com\/product\/yoast-seo-wordpress\/ -->\n<title>Terapia familiar en Valencia - Psicolog\u00eda de A Pie | Terapia en Valencia | Tratamiento de Adicciones | Psic\u00f3logo Valencia<\/title>\n<meta name=\"robots\" content=\"index, follow, max-snippet:-1, max-image-preview:large, max-video-preview:-1\" \/>\n<link rel=\"canonical\" href=\"https:\/\/psicologiadeapie.es\/?page_id=65698\" \/>\n<meta property=\"og:locale\" content=\"es_ES\" \/>\n<meta property=\"og:type\" content=\"article\" \/>\n<meta property=\"og:title\" content=\"Terapia familiar en Valencia - Psicolog\u00eda de A Pie | Terapia en Valencia | Tratamiento de Adicciones | Psic\u00f3logo Valencia\" \/>\n<meta property=\"og:description\" content=\"Fortalece los V\u00ednculos y Mejora la Comunicaci\u00f3n con Terapia Familiar en Valencia Los ni\u00f1os y adolescentes tambi\u00e9n enfrentan desaf\u00edos emocionales que requieren atenci\u00f3n especializada. Nuestra terapia infantil y juvenil ofrece&hellip;\" \/>\n<meta property=\"og:url\" content=\"https:\/\/psicologiadeapie.es\/?page_id=65698\" \/>\n<meta property=\"og:site_name\" content=\"Psicolog\u00eda de A Pie | Terapia en Valencia | Tratamiento de Adicciones | Psic\u00f3logo Valencia\" \/>\n<meta property=\"article:publisher\" content=\"https:\/\/www.facebook.com\/eva.albamartinez\" \/>\n<meta property=\"og:image\" content=\"https:\/\/psicologiadeapie.es\/wp-content\/uploads\/2025\/02\/Terapia-de-familia-en-Valencia.webp\" \/>\n<meta name=\"twitter:card\" content=\"summary_large_image\" \/>\n<meta name=\"twitter:label1\" content=\"Tiempo de lectura\" \/>\n\t<meta name=\"twitter:data1\" content=\"2 minutos\" \/>\n<script type=\"application\/ld+json\" class=\"yoast-schema-graph\">{\"@context\":\"https:\\\/\\\/schema.org\",\"@graph\":[{\"@type\":\"WebPage\",\"@id\":\"https:\\\/\\\/psicologiadeapie.es\\\/?page_id=65698\",\"url\":\"https:\\\/\\\/psicologiadeapie.es\\\/?page_id=65698\",\"name\":\"Terapia familiar en Valencia - Psicolog\u00eda de A Pie | Terapia en Valencia | Tratamiento de Adicciones | Psic\u00f3logo Valencia\",\"isPartOf\":{\"@id\":\"https:\\\/\\\/psicologiadeapie.es\\\/#website\"},\"primaryImageOfPage\":{\"@id\":\"https:\\\/\\\/psicologiadeapie.es\\\/?page_id=65698#primaryimage\"},\"image\":{\"@id\":\"https:\\\/\\\/psicologiadeapie.es\\\/?page_id=65698#primaryimage\"},\"thumbnailUrl\":\"https:\\\/\\\/psicologiadeapie.es\\\/wp-content\\\/uploads\\\/2025\\\/02\\\/Terapia-de-familia-en-Valencia.webp\",\"datePublished\":\"2025-05-21T21:37:57+00:00\",\"breadcrumb\":{\"@id\":\"https:\\\/\\\/psicologiadeapie.es\\\/?page_id=65698#breadcrumb\"},\"inLanguage\":\"es\",\"potentialAction\":[{\"@type\":\"ReadAction\",\"target\":[\"https:\\\/\\\/psicologiadeapie.es\\\/?page_id=65698\"]}]},{\"@type\":\"ImageObject\",\"inLanguage\":\"es\",\"@id\":\"https:\\\/\\\/psicologiadeapie.es\\\/?page_id=65698#primaryimage\",\"url\":\"https:\\\/\\\/psicologiadeapie.es\\\/wp-content\\\/uploads\\\/2025\\\/02\\\/Terapia-de-familia-en-Valencia.webp\",\"contentUrl\":\"https:\\\/\\\/psicologiadeapie.es\\\/wp-content\\\/uploads\\\/2025\\\/02\\\/Terapia-de-familia-en-Valencia.webp\"},{\"@type\":\"BreadcrumbList\",\"@id\":\"https:\\\/\\\/psicologiadeapie.es\\\/?page_id=65698#breadcrumb\",\"itemListElement\":[{\"@type\":\"ListItem\",\"position\":1,\"name\":\"Portada\",\"item\":\"https:\\\/\\\/psicologiadeapie.es\\\/\"},{\"@type\":\"ListItem\",\"position\":2,\"name\":\"Terapia familiar en Valencia\"}]},{\"@type\":\"WebSite\",\"@id\":\"https:\\\/\\\/psicologiadeapie.es\\\/#website\",\"url\":\"https:\\\/\\\/psicologiadeapie.es\\\/\",\"name\":\"Psicolog\u00eda de A Pie | Terapia en Valencia | Tratamiento de Adicciones | Psic\u00f3logo Valencia\",\"description\":\"Psicolog\u00eda de A Pie en Valencia ofrece terapia profesional para adicciones al cannabis, coca\u00edna, alcohol, juego y sexo. Atenci\u00f3n personalizada en Avenida de los Hermanos Maristas. Contacta al +34 638 876 674 o info@psicologiadeapie.com.\",\"publisher\":{\"@id\":\"https:\\\/\\\/psicologiadeapie.es\\\/#organization\"},\"alternateName\":\"Psicolog\u00eda de A Pie\",\"potentialAction\":[{\"@type\":\"SearchAction\",\"target\":{\"@type\":\"EntryPoint\",\"urlTemplate\":\"https:\\\/\\\/psicologiadeapie.es\\\/?s={search_term_string}\"},\"query-input\":{\"@type\":\"PropertyValueSpecification\",\"valueRequired\":true,\"valueName\":\"search_term_string\"}}],\"inLanguage\":\"es\"},{\"@type\":\"Organization\",\"@id\":\"https:\\\/\\\/psicologiadeapie.es\\\/#organization\",\"name\":\"Psicolog\u00eda de A Pie | Terapia en Valencia | Tratamiento de Adicciones | Psic\u00f3logo Valencia\",\"alternateName\":\"Psicolog\u00eda de A Pie\",\"url\":\"https:\\\/\\\/psicologiadeapie.es\\\/\",\"logo\":{\"@type\":\"ImageObject\",\"inLanguage\":\"es\",\"@id\":\"https:\\\/\\\/psicologiadeapie.es\\\/#\\\/schema\\\/logo\\\/image\\\/\",\"url\":\"https:\\\/\\\/psicologiadeapie.es\\\/wp-content\\\/uploads\\\/2025\\\/05\\\/cropped-cropped-logo-png-texto-negro-2.png\",\"contentUrl\":\"https:\\\/\\\/psicologiadeapie.es\\\/wp-content\\\/uploads\\\/2025\\\/05\\\/cropped-cropped-logo-png-texto-negro-2.png\",\"width\":608,\"height\":262,\"caption\":\"Psicolog\u00eda de A Pie | Terapia en Valencia | Tratamiento de Adicciones | Psic\u00f3logo Valencia\"},\"image\":{\"@id\":\"https:\\\/\\\/psicologiadeapie.es\\\/#\\\/schema\\\/logo\\\/image\\\/\"},\"sameAs\":[\"https:\\\/\\\/www.facebook.com\\\/eva.albamartinez\"]}]}<\/script>\n<!-- \/ Yoast SEO plugin. -->","yoast_head_json":{"title":"Terapia familiar en Valencia - Psicolog\u00eda de A Pie | Terapia en Valencia | Tratamiento de Adicciones | Psic\u00f3logo Valencia","robots":{"index":"index","follow":"follow","max-snippet":"max-snippet:-1","max-image-preview":"max-image-preview:large","max-video-preview":"max-video-preview:-1"},"canonical":"https:\/\/psicologiadeapie.es\/?page_id=65698","og_locale":"es_ES","og_type":"article","og_title":"Terapia familiar en Valencia - Psicolog\u00eda de A Pie | Terapia en Valencia | Tratamiento de Adicciones | Psic\u00f3logo Valencia","og_description":"Fortalece los V\u00ednculos y Mejora la Comunicaci\u00f3n con Terapia Familiar en Valencia Los ni\u00f1os y adolescentes tambi\u00e9n enfrentan desaf\u00edos emocionales que requieren atenci\u00f3n especializada. Nuestra terapia infantil y juvenil ofrece&hellip;","og_url":"https:\/\/psicologiadeapie.es\/?page_id=65698","og_site_name":"Psicolog\u00eda de A Pie | Terapia en Valencia | Tratamiento de Adicciones | Psic\u00f3logo Valencia","article_publisher":"https:\/\/www.facebook.com\/eva.albamartinez","og_image":[{"url":"https:\/\/psicologiadeapie.es\/wp-content\/uploads\/2025\/02\/Terapia-de-familia-en-Valencia.webp","type":"","width":"","height":""}],"twitter_card":"summary_large_image","twitter_misc":{"Tiempo de lectura":"2 minutos"},"schema":{"@context":"https:\/\/schema.org","@graph":[{"@type":"WebPage","@id":"https:\/\/psicologiadeapie.es\/?page_id=65698","url":"https:\/\/psicologiadeapie.es\/?page_id=65698","name":"Terapia familiar en Valencia - Psicolog\u00eda de A Pie | Terapia en Valencia | Tratamiento de Adicciones | Psic\u00f3logo Valencia","isPartOf":{"@id":"https:\/\/psicologiadeapie.es\/#website"},"primaryImageOfPage":{"@id":"https:\/\/psicologiadeapie.es\/?page_id=65698#primaryimage"},"image":{"@id":"https:\/\/psicologiadeapie.es\/?page_id=65698#primaryimage"},"thumbnailUrl":"https:\/\/psicologiadeapie.es\/wp-content\/uploads\/2025\/02\/Terapia-de-familia-en-Valencia.webp","datePublished":"2025-05-21T21:37:57+00:00","breadcrumb":{"@id":"https:\/\/psicologiadeapie.es\/?page_id=65698#breadcrumb"},"inLanguage":"es","potentialAction":[{"@type":"ReadAction","target":["https:\/\/psicologiadeapie.es\/?page_id=65698"]}]},{"@type":"ImageObject","inLanguage":"es","@id":"https:\/\/psicologiadeapie.es\/?page_id=65698#primaryimage","url":"https:\/\/psicologiadeapie.es\/wp-content\/uploads\/2025\/02\/Terapia-de-familia-en-Valencia.webp","contentUrl":"https:\/\/psicologiadeapie.es\/wp-content\/uploads\/2025\/02\/Terapia-de-familia-en-Valencia.webp"},{"@type":"BreadcrumbList","@id":"https:\/\/psicologiadeapie.es\/?page_id=65698#breadcrumb","itemListElement":[{"@type":"ListItem","position":1,"name":"Portada","item":"https:\/\/psicologiadeapie.es\/"},{"@type":"ListItem","position":2,"name":"Terapia familiar en Valencia"}]},{"@type":"WebSite","@id":"https:\/\/psicologiadeapie.es\/#website","url":"https:\/\/psicologiadeapie.es\/","name":"Psicolog\u00eda de A Pie | Terapia en Valencia | Tratamiento de Adicciones | Psic\u00f3logo Valencia","description":"Psicolog\u00eda de A Pie en Valencia ofrece terapia profesional para adicciones al cannabis, coca\u00edna, alcohol, juego y sexo. Atenci\u00f3n personalizada en Avenida de los Hermanos Maristas. Contacta al +34 638 876 674 o info@psicologiadeapie.com.","publisher":{"@id":"https:\/\/psicologiadeapie.es\/#organization"},"alternateName":"Psicolog\u00eda de A Pie","potentialAction":[{"@type":"SearchAction","target":{"@type":"EntryPoint","urlTemplate":"https:\/\/psicologiadeapie.es\/?s={search_term_string}"},"query-input":{"@type":"PropertyValueSpecification","valueRequired":true,"valueName":"search_term_string"}}],"inLanguage":"es"},{"@type":"Organization","@id":"https:\/\/psicologiadeapie.es\/#organization","name":"Psicolog\u00eda de A Pie | Terapia en Valencia | Tratamiento de Adicciones | Psic\u00f3logo Valencia","alternateName":"Psicolog\u00eda de A Pie","url":"https:\/\/psicologiadeapie.es\/","logo":{"@type":"ImageObject","inLanguage":"es","@id":"https:\/\/psicologiadeapie.es\/#\/schema\/logo\/image\/","url":"https:\/\/psicologiadeapie.es\/wp-content\/uploads\/2025\/05\/cropped-cropped-logo-png-texto-negro-2.png","contentUrl":"https:\/\/psicologiadeapie.es\/wp-content\/uploads\/2025\/05\/cropped-cropped-logo-png-texto-negro-2.png","width":608,"height":262,"caption":"Psicolog\u00eda de A Pie | Terapia en Valencia | Tratamiento de Adicciones | Psic\u00f3logo Valencia"},"image":{"@id":"https:\/\/psicologiadeapie.es\/#\/schema\/logo\/image\/"},"sameAs":["https:\/\/www.facebook.com\/eva.albamartinez"]}]}},"_links":{"self":[{"href":"https:\/\/psicologiadeapie.es\/index.php?rest_route=\/wp\/v2\/pages\/65698","targetHints":{"allow":["GET"]}}],"collection":[{"href":"https:\/\/psicologiadeapie.es\/index.php?rest_route=\/wp\/v2\/pages"}],"about":[{"href":"https:\/\/psicologiadeapie.es\/index.php?rest_route=\/wp\/v2\/types\/page"}],"author":[{"embeddable":true,"href":"https:\/\/psicologiadeapie.es\/index.php?rest_route=\/wp\/v2\/users\/1"}],"replies":[{"embeddable":true,"href":"https:\/\/psicologiadeapie.es\/index.php?rest_route=%2Fwp%2Fv2%2Fcomments&post=65698"}],"version-history":[{"count":0,"href":"https:\/\/psicologiadeapie.es\/index.php?rest_route=\/wp\/v2\/pages\/65698\/revisions"}],"wp:attachment":[{"href":"https:\/\/psicologiadeapie.es\/index.php?rest_route=%2Fwp%2Fv2%2Fmedia&parent=65698"}],"curies":[{"name":"wp","href":"https:\/\/api.w.org\/{rel}","templated":true}]}}