{"id":65690,"date":"2025-05-21T21:37:56","date_gmt":"2025-05-21T21:37:56","guid":{"rendered":"https:\/\/psicologiadeapie.com\/terapia-de-pareja-valencia\/"},"modified":"2025-05-21T21:37:56","modified_gmt":"2025-05-21T21:37:56","slug":"terapia-de-pareja-valencia","status":"publish","type":"page","link":"https:\/\/psicologiadeapie.es\/?page_id=65690","title":{"rendered":"Terapia de pareja Valencia"},"content":{"rendered":"<p><img fetchpriority=\"high\" decoding=\"async\" width=\"1024\" height=\"683\" src=\"https:\/\/psicologiadeapie.es\/wp-content\/uploads\/2025\/02\/Terapia-de-pareja-Valencia-1024x683.webp\" alt=\"\" srcset=\"https:\/\/psicologiadeapie.es\/wp-content\/uploads\/2025\/02\/Terapia-de-pareja-Valencia-1024x683.webp 1024w, https:\/\/psicologiadeapie.es\/wp-content\/uploads\/2025\/02\/Terapia-de-pareja-Valencia-300x200.webp 300w, https:\/\/psicologiadeapie.es\/wp-content\/uploads\/2025\/02\/Terapia-de-pareja-Valencia-768x512.webp 768w, https:\/\/psicologiadeapie.es\/wp-content\/uploads\/2025\/02\/Terapia-de-pareja-Valencia-370x247.webp 370w, https:\/\/psicologiadeapie.es\/wp-content\/uploads\/2025\/02\/Terapia-de-pareja-Valencia-840x560.webp 840w, https:\/\/psicologiadeapie.es\/wp-content\/uploads\/2025\/02\/Terapia-de-pareja-Valencia-410x273.webp 410w, https:\/\/psicologiadeapie.es\/wp-content\/uploads\/2025\/02\/Terapia-de-pareja-Valencia.webp 1200w\" sizes=\"(max-width: 1024px) 100vw, 1024px\" \/>\t\t\t\t\t\t\t\t\t\t\t\t\t\t\t<\/p>\n<p>Aprender a respetarte respetando a tu pareja trabajando el compromiso, la involucraci\u00f3n, la resistencia y el amor<\/p>\n<h2>Razones por las que hacer terapia<\/h2>\n<ul>\n<li>Falta de comunicaci\u00f3n<\/li>\n<li>Problemas sexuales<\/li>\n<li>Celos<\/li>\n<li>Dependencia emocional<\/li>\n<li>Infidelidades<\/li>\n<li>Baja autoestima<\/li>\n<\/ul>\n<h2>\u00bfCu\u00e1l es el enemigo de las parejas? <br \/>La ruptura<\/h2>\n<p>\t\t\t\t\t\t\t\t\t\t\t\t\t\t\t<img decoding=\"async\" width=\"999\" height=\"667\" src=\"https:\/\/psicologiadeapie.es\/wp-content\/uploads\/2025\/02\/Terapia-de-pareja-Valencia.jpeg\" alt=\"\" srcset=\"https:\/\/psicologiadeapie.es\/wp-content\/uploads\/2025\/02\/Terapia-de-pareja-Valencia.jpeg 999w, https:\/\/psicologiadeapie.es\/wp-content\/uploads\/2025\/02\/Terapia-de-pareja-Valencia-300x200.jpeg 300w, https:\/\/psicologiadeapie.es\/wp-content\/uploads\/2025\/02\/Terapia-de-pareja-Valencia-768x513.jpeg 768w, https:\/\/psicologiadeapie.es\/wp-content\/uploads\/2025\/02\/Terapia-de-pareja-Valencia-370x247.jpeg 370w, https:\/\/psicologiadeapie.es\/wp-content\/uploads\/2025\/02\/Terapia-de-pareja-Valencia-840x561.jpeg 840w, https:\/\/psicologiadeapie.es\/wp-content\/uploads\/2025\/02\/Terapia-de-pareja-Valencia-410x274.jpeg 410w\" sizes=\"(max-width: 999px) 100vw, 999px\" \/>\t\t\t\t\t\t\t\t\t\t\t\t\t\t\t<\/p>\n<p>Digamos una obviedad\u00a0:<strong>\u00a0<\/strong><strong style=\"font-size: 17px; color: var( --e-global-color-7a1ccbe5 ); letter-spacing: var(--theme-font-p_letter-spacing); text-transform: var(--theme-font-p_text-transform); background-color: var(--theme-color-bg_color);\">Nadie quiere vivir una ruptura de pareja<\/strong>. Atravesar una es similar a vivir un duelo, que puede ser tan doloroso como el de una muerte cercana o incluso m\u00e1s\u2026<\/p>\n<p>Sin embargo, hay situaciones en las que la amenaza de romper nos acecha, y de repente, nos asaltan las\u00a0<strong>dudas<\/strong>\u00a0sobre si valdr\u00e1 la pena atravesar ese sufrimiento o\u00a0<strong>si luchar por ese amor que empieza a hacer aguas.<\/strong><\/p>\n<p>\t\t\t\t\t<a href=\"https:\/\/api.whatsapp.com\/send?phone=34638876674\"><br \/>\n\t\t\t\t\t\t\t\t\tPide cita<br \/>\n\t\t\t\t\t<\/a><\/p>\n<h2>\u00bfCu\u00e1l es el origen de los problemas de pareja?<\/h2>\n<p>En las relaciones sentimentales se ponen de manifiesto nuestros\u00a0<strong>deseos<\/strong>,\u00a0<strong>anhelos<\/strong>\u00a0e\u00a0<strong>ideales<\/strong>, tambi\u00e9n nuestras\u00a0<strong>necesidades<\/strong>,\u00a0<strong>carencias<\/strong>\u00a0y\u00a0<strong>dependencias<\/strong>\u00a0(en forma de miedos). Tenemos tendencia a creer que<strong>\u00a0el otro es el que tiene que cambiar, que sus defectos de car\u00e1cter son lo que tienen que corregirse<\/strong>. Queremos que el otro sea como nosotros deseamos que sea, como nos imaginamos que tiene que ser la pareja ideal, que encaje como un guante con nuestra naturaleza y personalidad.\u00a0<strong>Nos inventamos al otro sin darnos cuenta<\/strong><\/p>\n<h2>Crisis en pareja, cambio inevitable<\/h2>\n<p>Una crisis de pareja no conduce inevitablemente a la separaci\u00f3n\u00a0 o ruptura. La palabra \u00ab<strong>crisis<\/strong>\u00bb significa \u00ab<strong>cambio inevitable<\/strong>\u00bb as\u00ed como la palabra \u00ab<strong>problema<\/strong>\u00bb significa \u00ab<strong>algo que tiene que ser revisado<\/strong>\u00ab. Los conflictos de pareja son grandes oportunidades para crecer, para ser mejores personas en compa\u00f1\u00eda de otro ser humano.<\/p>\n<h2>Se\u00f1ales y s\u00edntomas de conflicto en la pareja<\/h2>\n<ul>\n<li>Los\u00a0<strong>celos infundados<\/strong>\u00a0(inseguridad personal, miedo a perder la pareja)<\/li>\n<li>La\u00a0<strong>p\u00e9rdida de confianza<\/strong>\u00a0(recelo a la hora de abrirse al otro)<\/li>\n<li>Las\u00a0<strong>infidelidades<\/strong>\u00a0( p\u00e9rdida del respeto, inseguridad e insatisfacci\u00f3n)<\/li>\n<li>La\u00a0<strong>falta de comunicaci\u00f3n<\/strong>\u00a0(dificultad para comunicarse de coraz\u00f3n a coraz\u00f3n)<\/li>\n<li>La\u00a0<strong>dependencia emocional\u00a0<\/strong>(la necesidad patol\u00f3gica del otro por parte de un miembro de la pareja)<\/li>\n<li>La\u00a0<strong>baja autoestima<\/strong>\u00a0(de uno de sus miembros o de ambos)<\/li>\n<li>Las\u00a0<strong>expectativas no cumplidas<\/strong>\u00a0por la pareja (c\u00f3mo esperamos que sea la pareja que no es)<\/li>\n<\/ul>\n<p>La tensi\u00f3n en la convivencia se hace cada vez m\u00e1s evidente y\u00a0 la decepci\u00f3n y la frustraci\u00f3n se instalan poco a poco en nuestro coraz\u00f3n al descubrir que,\u00a0<strong>una relaci\u00f3n no se sostiene s\u00f3lo por el mero hecho de tener sentimientos<\/strong>.<\/p>\n<h2>\u00bfC\u00f3mo arreglar una relaci\u00f3n de pareja en crisis?<\/h2>\n<p><strong>Estar abiertos y receptivos ante las crisis y los conflictos<\/strong>\u00a0que de ellas surgen es una buena forma para descubrir, aprender y crecer desde la incomodidad que implica que las cosas no sucedan exactamente como hab\u00edamos imaginado. No crecemos en la comodidad, estar c\u00f3modamente inc\u00f3modos en las relaciones \u00edntimas o sentimentales no implica en si mismo que seamos felices. En la comodidad buscamos la seguridad,\u00a0<strong>sentirnos inc\u00f3modos no es malo, ni negativo es reflejo de peque\u00f1as y\/o grandes crisis que llaman la atenci\u00f3n<\/strong>\u00a0sacando tarjeta amarilla y\/o roja para poner orden en aquellos aspectos t\u00f3xicos entre los dos miembros de la pareja.<\/p>\n<h2>\u00bfEn qu\u00e9 me puede ayudar ir al psic\u00f3logo y\/o hacer terapia de pareja?<\/h2>\n<p>Una relaci\u00f3n de pareja tiene que ser un motor de impulso constante hacia la libertad y el respeto por la naturaleza y personalidad\u00a0 de cada una de las partes. Iniciar\u00a0<strong>una terapia para superar las crisis y\/o los conflictos de pareja nos permite ver los problemas en este \u00e1mbito de otra manera<\/strong>. Aprendemos en las sesiones de terapia a ver las relaciones sentimentales de otra manera.\u00a0<strong>El respeto mutuo es la base en la que se asienta una relaci\u00f3n madura, estable y duradera\u00a0<\/strong>en el tiempo. La comunicaci\u00f3n en pareja construye\u00a0 puentes y derriba fronteras.<\/p>\n<h2>Es hora de realizar cambios, mejora tu relaci\u00f3n<\/h2>\n<p>\t\t\t\t\t<a href=\"https:\/\/api.whatsapp.com\/send?phone=34638876674\"><br \/>\n\t\t\t\t\t\t\t\t\tPide cita<br \/>\n\t\t\t\t\t<\/a><\/p>\n","protected":false},"excerpt":{"rendered":"<p>Aprender a respetarte respetando a tu pareja trabajando el compromiso, la involucraci\u00f3n, la resistencia y el amor Razones por las que hacer terapia Falta de comunicaci\u00f3n Problemas sexuales Celos Dependencia&hellip;<\/p>\n","protected":false},"author":1,"featured_media":0,"parent":0,"menu_order":0,"comment_status":"open","ping_status":"open","template":"","meta":{"footnotes":""},"class_list":["post-65690","page","type-page","status-publish","hentry"],"yoast_head":"<!-- This site is optimized with the Yoast SEO plugin v27.4 - https:\/\/yoast.com\/product\/yoast-seo-wordpress\/ -->\n<title>Terapia de pareja Valencia - Psicolog\u00eda de A Pie | Terapia en Valencia | Tratamiento de Adicciones | Psic\u00f3logo Valencia<\/title>\n<meta name=\"robots\" content=\"index, follow, max-snippet:-1, max-image-preview:large, max-video-preview:-1\" \/>\n<link rel=\"canonical\" href=\"https:\/\/psicologiadeapie.es\/?page_id=65690\" \/>\n<meta property=\"og:locale\" content=\"es_ES\" \/>\n<meta property=\"og:type\" content=\"article\" \/>\n<meta property=\"og:title\" content=\"Terapia de pareja Valencia - Psicolog\u00eda de A Pie | Terapia en Valencia | Tratamiento de Adicciones | Psic\u00f3logo Valencia\" \/>\n<meta property=\"og:description\" content=\"Aprender a respetarte respetando a tu pareja trabajando el compromiso, la involucraci\u00f3n, la resistencia y el amor Razones por las que hacer terapia Falta de comunicaci\u00f3n Problemas sexuales Celos Dependencia&hellip;\" \/>\n<meta property=\"og:url\" content=\"https:\/\/psicologiadeapie.es\/?page_id=65690\" \/>\n<meta property=\"og:site_name\" content=\"Psicolog\u00eda de A Pie | Terapia en Valencia | Tratamiento de Adicciones | Psic\u00f3logo Valencia\" \/>\n<meta property=\"article:publisher\" content=\"https:\/\/www.facebook.com\/eva.albamartinez\" \/>\n<meta property=\"og:image\" content=\"https:\/\/psicologiadeapie.es\/wp-content\/uploads\/2025\/02\/Terapia-de-pareja-Valencia-1024x683.webp\" \/>\n<meta name=\"twitter:card\" content=\"summary_large_image\" \/>\n<meta name=\"twitter:label1\" content=\"Tiempo de lectura\" \/>\n\t<meta name=\"twitter:data1\" content=\"3 minutos\" \/>\n<script type=\"application\/ld+json\" class=\"yoast-schema-graph\">{\"@context\":\"https:\\\/\\\/schema.org\",\"@graph\":[{\"@type\":\"WebPage\",\"@id\":\"https:\\\/\\\/psicologiadeapie.es\\\/?page_id=65690\",\"url\":\"https:\\\/\\\/psicologiadeapie.es\\\/?page_id=65690\",\"name\":\"Terapia de pareja Valencia - Psicolog\u00eda de A Pie | Terapia en Valencia | Tratamiento de Adicciones | Psic\u00f3logo Valencia\",\"isPartOf\":{\"@id\":\"https:\\\/\\\/psicologiadeapie.es\\\/#website\"},\"primaryImageOfPage\":{\"@id\":\"https:\\\/\\\/psicologiadeapie.es\\\/?page_id=65690#primaryimage\"},\"image\":{\"@id\":\"https:\\\/\\\/psicologiadeapie.es\\\/?page_id=65690#primaryimage\"},\"thumbnailUrl\":\"https:\\\/\\\/psicologiadeapie.es\\\/wp-content\\\/uploads\\\/2025\\\/02\\\/Terapia-de-pareja-Valencia-1024x683.webp\",\"datePublished\":\"2025-05-21T21:37:56+00:00\",\"breadcrumb\":{\"@id\":\"https:\\\/\\\/psicologiadeapie.es\\\/?page_id=65690#breadcrumb\"},\"inLanguage\":\"es\",\"potentialAction\":[{\"@type\":\"ReadAction\",\"target\":[\"https:\\\/\\\/psicologiadeapie.es\\\/?page_id=65690\"]}]},{\"@type\":\"ImageObject\",\"inLanguage\":\"es\",\"@id\":\"https:\\\/\\\/psicologiadeapie.es\\\/?page_id=65690#primaryimage\",\"url\":\"https:\\\/\\\/psicologiadeapie.es\\\/wp-content\\\/uploads\\\/2025\\\/02\\\/Terapia-de-pareja-Valencia-1024x683.webp\",\"contentUrl\":\"https:\\\/\\\/psicologiadeapie.es\\\/wp-content\\\/uploads\\\/2025\\\/02\\\/Terapia-de-pareja-Valencia-1024x683.webp\"},{\"@type\":\"BreadcrumbList\",\"@id\":\"https:\\\/\\\/psicologiadeapie.es\\\/?page_id=65690#breadcrumb\",\"itemListElement\":[{\"@type\":\"ListItem\",\"position\":1,\"name\":\"Portada\",\"item\":\"https:\\\/\\\/psicologiadeapie.es\\\/\"},{\"@type\":\"ListItem\",\"position\":2,\"name\":\"Terapia de pareja Valencia\"}]},{\"@type\":\"WebSite\",\"@id\":\"https:\\\/\\\/psicologiadeapie.es\\\/#website\",\"url\":\"https:\\\/\\\/psicologiadeapie.es\\\/\",\"name\":\"Psicolog\u00eda de A Pie | Terapia en Valencia | Tratamiento de Adicciones | Psic\u00f3logo Valencia\",\"description\":\"Psicolog\u00eda de A Pie en Valencia ofrece terapia profesional para adicciones al cannabis, coca\u00edna, alcohol, juego y sexo. Atenci\u00f3n personalizada en Avenida de los Hermanos Maristas. Contacta al +34 638 876 674 o info@psicologiadeapie.com.\",\"publisher\":{\"@id\":\"https:\\\/\\\/psicologiadeapie.es\\\/#organization\"},\"alternateName\":\"Psicolog\u00eda de A Pie\",\"potentialAction\":[{\"@type\":\"SearchAction\",\"target\":{\"@type\":\"EntryPoint\",\"urlTemplate\":\"https:\\\/\\\/psicologiadeapie.es\\\/?s={search_term_string}\"},\"query-input\":{\"@type\":\"PropertyValueSpecification\",\"valueRequired\":true,\"valueName\":\"search_term_string\"}}],\"inLanguage\":\"es\"},{\"@type\":\"Organization\",\"@id\":\"https:\\\/\\\/psicologiadeapie.es\\\/#organization\",\"name\":\"Psicolog\u00eda de A Pie | Terapia en Valencia | Tratamiento de Adicciones | Psic\u00f3logo Valencia\",\"alternateName\":\"Psicolog\u00eda de A Pie\",\"url\":\"https:\\\/\\\/psicologiadeapie.es\\\/\",\"logo\":{\"@type\":\"ImageObject\",\"inLanguage\":\"es\",\"@id\":\"https:\\\/\\\/psicologiadeapie.es\\\/#\\\/schema\\\/logo\\\/image\\\/\",\"url\":\"https:\\\/\\\/psicologiadeapie.es\\\/wp-content\\\/uploads\\\/2025\\\/05\\\/cropped-cropped-logo-png-texto-negro-2.png\",\"contentUrl\":\"https:\\\/\\\/psicologiadeapie.es\\\/wp-content\\\/uploads\\\/2025\\\/05\\\/cropped-cropped-logo-png-texto-negro-2.png\",\"width\":608,\"height\":262,\"caption\":\"Psicolog\u00eda de A Pie | Terapia en Valencia | Tratamiento de Adicciones | Psic\u00f3logo Valencia\"},\"image\":{\"@id\":\"https:\\\/\\\/psicologiadeapie.es\\\/#\\\/schema\\\/logo\\\/image\\\/\"},\"sameAs\":[\"https:\\\/\\\/www.facebook.com\\\/eva.albamartinez\"]}]}<\/script>\n<!-- \/ Yoast SEO plugin. -->","yoast_head_json":{"title":"Terapia de pareja Valencia - Psicolog\u00eda de A Pie | Terapia en Valencia | Tratamiento de Adicciones | Psic\u00f3logo Valencia","robots":{"index":"index","follow":"follow","max-snippet":"max-snippet:-1","max-image-preview":"max-image-preview:large","max-video-preview":"max-video-preview:-1"},"canonical":"https:\/\/psicologiadeapie.es\/?page_id=65690","og_locale":"es_ES","og_type":"article","og_title":"Terapia de pareja Valencia - Psicolog\u00eda de A Pie | Terapia en Valencia | Tratamiento de Adicciones | Psic\u00f3logo Valencia","og_description":"Aprender a respetarte respetando a tu pareja trabajando el compromiso, la involucraci\u00f3n, la resistencia y el amor Razones por las que hacer terapia Falta de comunicaci\u00f3n Problemas sexuales Celos Dependencia&hellip;","og_url":"https:\/\/psicologiadeapie.es\/?page_id=65690","og_site_name":"Psicolog\u00eda de A Pie | Terapia en Valencia | Tratamiento de Adicciones | Psic\u00f3logo Valencia","article_publisher":"https:\/\/www.facebook.com\/eva.albamartinez","og_image":[{"url":"https:\/\/psicologiadeapie.es\/wp-content\/uploads\/2025\/02\/Terapia-de-pareja-Valencia-1024x683.webp","type":"","width":"","height":""}],"twitter_card":"summary_large_image","twitter_misc":{"Tiempo de lectura":"3 minutos"},"schema":{"@context":"https:\/\/schema.org","@graph":[{"@type":"WebPage","@id":"https:\/\/psicologiadeapie.es\/?page_id=65690","url":"https:\/\/psicologiadeapie.es\/?page_id=65690","name":"Terapia de pareja Valencia - Psicolog\u00eda de A Pie | Terapia en Valencia | Tratamiento de Adicciones | Psic\u00f3logo Valencia","isPartOf":{"@id":"https:\/\/psicologiadeapie.es\/#website"},"primaryImageOfPage":{"@id":"https:\/\/psicologiadeapie.es\/?page_id=65690#primaryimage"},"image":{"@id":"https:\/\/psicologiadeapie.es\/?page_id=65690#primaryimage"},"thumbnailUrl":"https:\/\/psicologiadeapie.es\/wp-content\/uploads\/2025\/02\/Terapia-de-pareja-Valencia-1024x683.webp","datePublished":"2025-05-21T21:37:56+00:00","breadcrumb":{"@id":"https:\/\/psicologiadeapie.es\/?page_id=65690#breadcrumb"},"inLanguage":"es","potentialAction":[{"@type":"ReadAction","target":["https:\/\/psicologiadeapie.es\/?page_id=65690"]}]},{"@type":"ImageObject","inLanguage":"es","@id":"https:\/\/psicologiadeapie.es\/?page_id=65690#primaryimage","url":"https:\/\/psicologiadeapie.es\/wp-content\/uploads\/2025\/02\/Terapia-de-pareja-Valencia-1024x683.webp","contentUrl":"https:\/\/psicologiadeapie.es\/wp-content\/uploads\/2025\/02\/Terapia-de-pareja-Valencia-1024x683.webp"},{"@type":"BreadcrumbList","@id":"https:\/\/psicologiadeapie.es\/?page_id=65690#breadcrumb","itemListElement":[{"@type":"ListItem","position":1,"name":"Portada","item":"https:\/\/psicologiadeapie.es\/"},{"@type":"ListItem","position":2,"name":"Terapia de pareja Valencia"}]},{"@type":"WebSite","@id":"https:\/\/psicologiadeapie.es\/#website","url":"https:\/\/psicologiadeapie.es\/","name":"Psicolog\u00eda de A Pie | Terapia en Valencia | Tratamiento de Adicciones | Psic\u00f3logo Valencia","description":"Psicolog\u00eda de A Pie en Valencia ofrece terapia profesional para adicciones al cannabis, coca\u00edna, alcohol, juego y sexo. Atenci\u00f3n personalizada en Avenida de los Hermanos Maristas. Contacta al +34 638 876 674 o info@psicologiadeapie.com.","publisher":{"@id":"https:\/\/psicologiadeapie.es\/#organization"},"alternateName":"Psicolog\u00eda de A Pie","potentialAction":[{"@type":"SearchAction","target":{"@type":"EntryPoint","urlTemplate":"https:\/\/psicologiadeapie.es\/?s={search_term_string}"},"query-input":{"@type":"PropertyValueSpecification","valueRequired":true,"valueName":"search_term_string"}}],"inLanguage":"es"},{"@type":"Organization","@id":"https:\/\/psicologiadeapie.es\/#organization","name":"Psicolog\u00eda de A Pie | Terapia en Valencia | Tratamiento de Adicciones | Psic\u00f3logo Valencia","alternateName":"Psicolog\u00eda de A Pie","url":"https:\/\/psicologiadeapie.es\/","logo":{"@type":"ImageObject","inLanguage":"es","@id":"https:\/\/psicologiadeapie.es\/#\/schema\/logo\/image\/","url":"https:\/\/psicologiadeapie.es\/wp-content\/uploads\/2025\/05\/cropped-cropped-logo-png-texto-negro-2.png","contentUrl":"https:\/\/psicologiadeapie.es\/wp-content\/uploads\/2025\/05\/cropped-cropped-logo-png-texto-negro-2.png","width":608,"height":262,"caption":"Psicolog\u00eda de A Pie | Terapia en Valencia | Tratamiento de Adicciones | Psic\u00f3logo Valencia"},"image":{"@id":"https:\/\/psicologiadeapie.es\/#\/schema\/logo\/image\/"},"sameAs":["https:\/\/www.facebook.com\/eva.albamartinez"]}]}},"_links":{"self":[{"href":"https:\/\/psicologiadeapie.es\/index.php?rest_route=\/wp\/v2\/pages\/65690","targetHints":{"allow":["GET"]}}],"collection":[{"href":"https:\/\/psicologiadeapie.es\/index.php?rest_route=\/wp\/v2\/pages"}],"about":[{"href":"https:\/\/psicologiadeapie.es\/index.php?rest_route=\/wp\/v2\/types\/page"}],"author":[{"embeddable":true,"href":"https:\/\/psicologiadeapie.es\/index.php?rest_route=\/wp\/v2\/users\/1"}],"replies":[{"embeddable":true,"href":"https:\/\/psicologiadeapie.es\/index.php?rest_route=%2Fwp%2Fv2%2Fcomments&post=65690"}],"version-history":[{"count":0,"href":"https:\/\/psicologiadeapie.es\/index.php?rest_route=\/wp\/v2\/pages\/65690\/revisions"}],"wp:attachment":[{"href":"https:\/\/psicologiadeapie.es\/index.php?rest_route=%2Fwp%2Fv2%2Fmedia&parent=65690"}],"curies":[{"name":"wp","href":"https:\/\/api.w.org\/{rel}","templated":true}]}}