{"id":65682,"date":"2025-05-21T21:37:56","date_gmt":"2025-05-21T21:37:56","guid":{"rendered":"https:\/\/psicologiadeapie.com\/consultoria-integral\/"},"modified":"2025-06-24T09:37:11","modified_gmt":"2025-06-24T09:37:11","slug":"consultoria-integral","status":"publish","type":"page","link":"https:\/\/psicologiadeapie.es\/?page_id=65682","title":{"rendered":"Consultor\u00eda Integral para Empresas: Psicolog\u00eda, Coaching y Mentoring estrat\u00e9gico"},"content":{"rendered":"\t\t<div data-elementor-type=\"wp-page\" data-elementor-id=\"65682\" class=\"elementor elementor-65682\" data-elementor-post-type=\"page\">\n\t\t\t\t\t\t<section class=\"elementor-section elementor-top-section elementor-element elementor-element-daacdca elementor-section-boxed elementor-section-height-default elementor-section-height-default sc_fly_static\" data-id=\"daacdca\" data-element_type=\"section\" data-e-type=\"section\">\n\t\t\t\t\t\t<div class=\"elementor-container elementor-column-gap-extended\">\n\t\t\t\t\t<div class=\"elementor-column elementor-col-100 elementor-top-column elementor-element elementor-element-9f8ae6c sc_content_align_inherit sc_layouts_column_icons_position_left sc_fly_static\" data-id=\"9f8ae6c\" data-element_type=\"column\" data-e-type=\"column\">\n\t\t\t<div class=\"elementor-widget-wrap elementor-element-populated\">\n\t\t\t\t\t\t<div class=\"elementor-element elementor-element-5e0b38b sc_fly_static elementor-widget elementor-widget-heading\" data-id=\"5e0b38b\" data-element_type=\"widget\" data-e-type=\"widget\" data-widget_type=\"heading.default\">\n\t\t\t\t<div class=\"elementor-widget-container\">\n\t\t\t\t\t<h2 class=\"elementor-heading-title elementor-size-default\">Consultoria Integral para empresas<\/h2>\t\t\t\t<\/div>\n\t\t\t\t<\/div>\n\t\t\t\t\t<\/div>\n\t\t<\/div>\n\t\t\t\t\t<\/div>\n\t\t<\/section>\n\t\t\t\t<section class=\"elementor-section elementor-top-section elementor-element elementor-element-e9748eb elementor-section-boxed elementor-section-height-default elementor-section-height-default sc_fly_static\" data-id=\"e9748eb\" data-element_type=\"section\" data-e-type=\"section\">\n\t\t\t\t\t\t<div class=\"elementor-container elementor-column-gap-extended\">\n\t\t\t\t\t<div class=\"elementor-column elementor-col-100 elementor-top-column elementor-element elementor-element-78960e8 sc_content_align_inherit sc_layouts_column_icons_position_left sc_fly_static\" data-id=\"78960e8\" data-element_type=\"column\" data-e-type=\"column\">\n\t\t\t<div class=\"elementor-widget-wrap elementor-element-populated\">\n\t\t\t\t\t\t<div class=\"elementor-element elementor-element-e6bda61 sc_fly_static elementor-widget elementor-widget-image\" data-id=\"e6bda61\" data-element_type=\"widget\" data-e-type=\"widget\" data-widget_type=\"image.default\">\n\t\t\t\t<div class=\"elementor-widget-container\">\n\t\t\t\t\t\t\t\t\t\t\t\t\t\t\t<img fetchpriority=\"high\" decoding=\"async\" width=\"512\" height=\"512\" src=\"https:\/\/psicologiadeapie.es\/wp-content\/uploads\/2025\/05\/IMG-20250612-WA0057-1.jpg\" class=\"attachment-large size-large wp-image-66250\" alt=\"\" srcset=\"https:\/\/psicologiadeapie.es\/wp-content\/uploads\/2025\/05\/IMG-20250612-WA0057-1.jpg 512w, https:\/\/psicologiadeapie.es\/wp-content\/uploads\/2025\/05\/IMG-20250612-WA0057-1-300x300.jpg 300w, https:\/\/psicologiadeapie.es\/wp-content\/uploads\/2025\/05\/IMG-20250612-WA0057-1-150x150.jpg 150w, https:\/\/psicologiadeapie.es\/wp-content\/uploads\/2025\/05\/IMG-20250612-WA0057-1-370x370.jpg 370w, https:\/\/psicologiadeapie.es\/wp-content\/uploads\/2025\/05\/IMG-20250612-WA0057-1-120x120.jpg 120w, https:\/\/psicologiadeapie.es\/wp-content\/uploads\/2025\/05\/IMG-20250612-WA0057-1-410x410.jpg 410w\" sizes=\"(max-width: 600px) 100vw, 512px\" \/>\t\t\t\t\t\t\t\t\t\t\t\t\t\t\t<\/div>\n\t\t\t\t<\/div>\n\t\t\t\t\t<\/div>\n\t\t<\/div>\n\t\t\t\t\t<\/div>\n\t\t<\/section>\n\t\t\t\t<section class=\"elementor-section elementor-top-section elementor-element elementor-element-106c204 elementor-section-boxed elementor-section-height-default elementor-section-height-default sc_fly_static\" data-id=\"106c204\" data-element_type=\"section\" data-e-type=\"section\">\n\t\t\t\t\t\t<div class=\"elementor-container elementor-column-gap-extended\">\n\t\t\t\t\t<div class=\"elementor-column elementor-col-100 elementor-top-column elementor-element elementor-element-7d27dd2 sc_content_align_inherit sc_layouts_column_icons_position_left sc_fly_static\" data-id=\"7d27dd2\" data-element_type=\"column\" data-e-type=\"column\">\n\t\t\t<div class=\"elementor-widget-wrap elementor-element-populated\">\n\t\t\t\t\t\t<div class=\"elementor-element elementor-element-c02e837 sc_fly_static elementor-widget elementor-widget-text-editor\" data-id=\"c02e837\" data-element_type=\"widget\" data-e-type=\"widget\" data-widget_type=\"text-editor.default\">\n\t\t\t\t<div class=\"elementor-widget-container\">\n\t\t\t\t\t\t\t\t\t<p>En el entorno empresarial actual, donde la adaptabilidad y la innovaci\u00f3n son clave Psicolog\u00eda de a Pie ofrece una soluci\u00f3n integral para acompa\u00f1ar a las empresas en su evoluci\u00f3n. Combinamos la psicolog\u00eda organizacional, el coaching estrat\u00e9gico y el mentoring para potenciar equipos, fortalecer liderazgos y crear culturas organizacionales saludables y resilientes.<\/p><p>\u00bfQuieres recibir atenci\u00f3n personalizada?<\/p>\t\t\t\t\t\t\t\t<\/div>\n\t\t\t\t<\/div>\n\t\t\t\t\t<\/div>\n\t\t<\/div>\n\t\t\t\t\t<\/div>\n\t\t<\/section>\n\t\t\t\t<section class=\"elementor-section elementor-top-section elementor-element elementor-element-2d4de3e elementor-section-boxed elementor-section-height-default elementor-section-height-default sc_fly_static\" data-id=\"2d4de3e\" data-element_type=\"section\" data-e-type=\"section\">\n\t\t\t\t\t\t<div class=\"elementor-container elementor-column-gap-extended\">\n\t\t\t\t\t<div class=\"elementor-column elementor-col-100 elementor-top-column elementor-element elementor-element-9c2afc5 sc_content_align_inherit sc_layouts_column_icons_position_left sc_fly_static\" data-id=\"9c2afc5\" data-element_type=\"column\" data-e-type=\"column\">\n\t\t\t<div class=\"elementor-widget-wrap elementor-element-populated\">\n\t\t\t\t\t\t<div class=\"elementor-element elementor-element-87e111d sc_fly_static elementor-widget elementor-widget-button\" data-id=\"87e111d\" data-element_type=\"widget\" data-e-type=\"widget\" data-widget_type=\"button.default\">\n\t\t\t\t<div class=\"elementor-widget-container\">\n\t\t\t\t\t\t\t\t\t<div class=\"elementor-button-wrapper\">\n\t\t\t\t\t<a class=\"elementor-button elementor-button-link elementor-size-sm\" href=\"https:\/\/api.whatsapp.com\/send?phone=34638876674\">\n\t\t\t\t\t\t<span class=\"elementor-button-content-wrapper\">\n\t\t\t\t\t\t\t\t\t<span class=\"elementor-button-text\">Pide Cita<\/span>\n\t\t\t\t\t<\/span>\n\t\t\t\t\t<\/a>\n\t\t\t\t<\/div>\n\t\t\t\t\t\t\t\t<\/div>\n\t\t\t\t<\/div>\n\t\t\t\t\t<\/div>\n\t\t<\/div>\n\t\t\t\t\t<\/div>\n\t\t<\/section>\n\t\t\t\t<section class=\"elementor-section elementor-top-section elementor-element elementor-element-ab4c465 elementor-section-boxed elementor-section-height-default elementor-section-height-default sc_fly_static\" data-id=\"ab4c465\" data-element_type=\"section\" data-e-type=\"section\">\n\t\t\t\t\t\t<div class=\"elementor-container elementor-column-gap-extended\">\n\t\t\t\t\t<div class=\"elementor-column elementor-col-50 elementor-top-column elementor-element elementor-element-7cc0523 sc_content_align_inherit sc_layouts_column_icons_position_left sc_fly_static\" data-id=\"7cc0523\" data-element_type=\"column\" data-e-type=\"column\">\n\t\t\t<div class=\"elementor-widget-wrap elementor-element-populated\">\n\t\t\t\t\t\t<div class=\"elementor-element elementor-element-ad998b8 sc_fly_static elementor-widget elementor-widget-text-editor\" data-id=\"ad998b8\" data-element_type=\"widget\" data-e-type=\"widget\" data-widget_type=\"text-editor.default\">\n\t\t\t\t<div class=\"elementor-widget-container\">\n\t\t\t\t\t\t\t\t\t<p>En el entorno empresarial actual, donde la adaptabilidad y la innovaci\u00f3n son clave Psicolog\u00eda de a Pie ofrece una soluci\u00f3n integral para acompa\u00f1ar a las empresas en su evoluci\u00f3n. Combinamos la psicolog\u00eda organizacional, el coaching estrat\u00e9gico y el mentoring para potenciar equipos, fortalecer liderazgos y crear culturas organizacionales saludables y resilientes.<\/p>\t\t\t\t\t\t\t\t<\/div>\n\t\t\t\t<\/div>\n\t\t\t\t\t<\/div>\n\t\t<\/div>\n\t\t\t\t<div class=\"elementor-column elementor-col-50 elementor-top-column elementor-element elementor-element-238f7d2 sc_content_align_inherit sc_layouts_column_icons_position_left sc_fly_static\" data-id=\"238f7d2\" data-element_type=\"column\" data-e-type=\"column\">\n\t\t\t<div class=\"elementor-widget-wrap elementor-element-populated\">\n\t\t\t\t\t\t<div class=\"elementor-element elementor-element-498fae8 sc_fly_static elementor-widget elementor-widget-text-editor\" data-id=\"498fae8\" data-element_type=\"widget\" data-e-type=\"widget\" data-widget_type=\"text-editor.default\">\n\t\t\t\t<div class=\"elementor-widget-container\">\n\t\t\t\t\t\t\t\t\t<p>Un Enfoque innovador para tu Empresa. Sabemos que las organizaciones son tan fuertes como las personas que las conforman. Por eso, nuestra consultor\u00eda integral se centra en lo esencial: el desarrollo humano. Ayudamos a empresas y equipos a desbloquear su m\u00e1ximo potencial, logrando un equilibrio entre resultados sostenibles y bienestar integral.<\/p>\t\t\t\t\t\t\t\t<\/div>\n\t\t\t\t<\/div>\n\t\t\t\t\t<\/div>\n\t\t<\/div>\n\t\t\t\t\t<\/div>\n\t\t<\/section>\n\t\t\t\t<section class=\"elementor-section elementor-top-section elementor-element elementor-element-3d7a6b5 elementor-section-boxed elementor-section-height-default elementor-section-height-default sc_fly_static\" data-id=\"3d7a6b5\" data-element_type=\"section\" data-e-type=\"section\">\n\t\t\t\t\t\t<div class=\"elementor-container elementor-column-gap-extended\">\n\t\t\t\t\t<div class=\"elementor-column elementor-col-100 elementor-top-column elementor-element elementor-element-161662d sc_content_align_inherit sc_layouts_column_icons_position_left sc_fly_static\" data-id=\"161662d\" data-element_type=\"column\" data-e-type=\"column\">\n\t\t\t<div class=\"elementor-widget-wrap elementor-element-populated\">\n\t\t\t\t\t\t<div class=\"elementor-element elementor-element-ebf3b5b sc_fly_static elementor-widget elementor-widget-text-editor\" data-id=\"ebf3b5b\" data-element_type=\"widget\" data-e-type=\"widget\" data-widget_type=\"text-editor.default\">\n\t\t\t\t<div class=\"elementor-widget-container\">\n\t\t\t\t\t\t\t\t\t<p>\u00bfQuieres recibir atenci\u00f3n personalizada?<\/p>\t\t\t\t\t\t\t\t<\/div>\n\t\t\t\t<\/div>\n\t\t\t\t<div class=\"elementor-element elementor-element-d9668de sc_fly_static elementor-widget elementor-widget-button\" data-id=\"d9668de\" data-element_type=\"widget\" data-e-type=\"widget\" data-widget_type=\"button.default\">\n\t\t\t\t<div class=\"elementor-widget-container\">\n\t\t\t\t\t\t\t\t\t<div class=\"elementor-button-wrapper\">\n\t\t\t\t\t<a class=\"elementor-button elementor-button-link elementor-size-sm\" href=\"https:\/\/api.whatsapp.com\/send?phone=34638876674\">\n\t\t\t\t\t\t<span class=\"elementor-button-content-wrapper\">\n\t\t\t\t\t\t\t\t\t<span class=\"elementor-button-text\">Pide Cita<\/span>\n\t\t\t\t\t<\/span>\n\t\t\t\t\t<\/a>\n\t\t\t\t<\/div>\n\t\t\t\t\t\t\t\t<\/div>\n\t\t\t\t<\/div>\n\t\t\t\t\t<\/div>\n\t\t<\/div>\n\t\t\t\t\t<\/div>\n\t\t<\/section>\n\t\t\t\t<section class=\"elementor-section elementor-top-section elementor-element elementor-element-73eefa8 elementor-section-boxed elementor-section-height-default elementor-section-height-default sc_fly_static\" data-id=\"73eefa8\" data-element_type=\"section\" data-e-type=\"section\">\n\t\t\t\t\t\t<div class=\"elementor-container elementor-column-gap-extended\">\n\t\t\t\t\t<div class=\"elementor-column elementor-col-100 elementor-top-column elementor-element elementor-element-b9f9519 sc_content_align_inherit sc_layouts_column_icons_position_left sc_fly_static\" data-id=\"b9f9519\" data-element_type=\"column\" data-e-type=\"column\">\n\t\t\t<div class=\"elementor-widget-wrap elementor-element-populated\">\n\t\t\t\t\t\t<div class=\"elementor-element elementor-element-fb494e6 sc_fly_static elementor-widget elementor-widget-text-editor\" data-id=\"fb494e6\" data-element_type=\"widget\" data-e-type=\"widget\" data-widget_type=\"text-editor.default\">\n\t\t\t\t<div class=\"elementor-widget-container\">\n\t\t\t\t\t\t\t\t\t<p>\u00bfQu\u00e9 ofrecemos?<\/p><p><strong>\u2013 Psicolog\u00eda Organizacional Pr\u00e1ctica<\/strong>: Diagn\u00f3sticos precisos y estrategias personalizadas para mejorar el clima laboral, gestionar el cambio y promover la salud mental en el lugar de trabajo.<br \/><strong>\u2013 Coaching Empresarial:<\/strong> Dise\u00f1amos planes de acci\u00f3n que transforman objetivos en logros concretos. Nos enfocamos en el desarrollo del liderazgo, la mejora de habilidades interpersonales y la construcci\u00f3n de equipos efectivos.<br \/><strong>\u2013 Mentoring Estrat\u00e9gico:<\/strong> Aportamos experiencia y gu\u00eda cercana para tomar decisiones m\u00e1s conscientes y alineadas con los valores y metas de la empresa.<\/p><p>\u00bfC\u00f3mo Puede Beneficiar Este Servicio a tu Empresa?<\/p><p>En Psicolog\u00eda de a Pie, creemos que el \u00e9xito sostenible comienza desde adentro. Nuestra consultor\u00eda integral puede ayudarte a:<\/p><p>\u2013 Fortalecer el liderazgo y mejorar la toma de decisiones estrat\u00e9gicas.<br \/>\u2013 Crear equipos m\u00e1s colaborativos, resilientes y comprometidos con los objetivos de la empresa.<br \/>\u2013 Mejorar el clima laboral y aumentar la motivaci\u00f3n y productividad de los empleados.<br \/>\u2013 Gestionar de manera efectiva el estr\u00e9s laboral, el s\u00edndrome de burnout y los desaf\u00edos emocionales en el lugar de trabajo.<br \/>\u2013 Implementar estrategias de gesti\u00f3n del cambio que faciliten la transici\u00f3n hacia nuevos modelos organizativos.<br \/>\u2013 Fomentar una cultura organizacional saludable y alineada con los valores de la empresa.<\/p><p>Transforma tu equipo, impulsa tu negocio. Cont\u00e1ctanos para una sesi\u00f3n estrat\u00e9gica personalizada<\/p>\t\t\t\t\t\t\t\t<\/div>\n\t\t\t\t<\/div>\n\t\t\t\t\t<\/div>\n\t\t<\/div>\n\t\t\t\t\t<\/div>\n\t\t<\/section>\n\t\t\t\t<\/div>\n\t\t","protected":false},"excerpt":{"rendered":"<p>Consultoria Integral para empresas En el entorno empresarial actual, donde la adaptabilidad y la innovaci\u00f3n son clave Psicolog\u00eda de a Pie ofrece una soluci\u00f3n integral para acompa\u00f1ar a las empresas&hellip;<\/p>\n","protected":false},"author":1,"featured_media":66250,"parent":0,"menu_order":0,"comment_status":"open","ping_status":"open","template":"","meta":{"footnotes":""},"class_list":["post-65682","page","type-page","status-publish","has-post-thumbnail","hentry"],"yoast_head":"<!-- This site is optimized with the Yoast SEO plugin v27.4 - https:\/\/yoast.com\/product\/yoast-seo-wordpress\/ -->\n<title>Consultor\u00eda Integral para Empresas: Psicolog\u00eda, Coaching y Mentoring estrat\u00e9gico - Psicolog\u00eda de A Pie | Terapia en Valencia | Tratamiento de Adicciones | Psic\u00f3logo Valencia<\/title>\n<meta name=\"robots\" content=\"index, follow, max-snippet:-1, max-image-preview:large, max-video-preview:-1\" \/>\n<link rel=\"canonical\" href=\"https:\/\/psicologiadeapie.es\/?page_id=65682\" \/>\n<meta property=\"og:locale\" content=\"es_ES\" \/>\n<meta property=\"og:type\" content=\"article\" \/>\n<meta property=\"og:title\" content=\"Consultor\u00eda Integral para Empresas: Psicolog\u00eda, Coaching y Mentoring estrat\u00e9gico - Psicolog\u00eda de A Pie | Terapia en Valencia | Tratamiento de Adicciones | Psic\u00f3logo Valencia\" \/>\n<meta property=\"og:description\" content=\"Consultoria Integral para empresas En el entorno empresarial actual, donde la adaptabilidad y la innovaci\u00f3n son clave Psicolog\u00eda de a Pie ofrece una soluci\u00f3n integral para acompa\u00f1ar a las empresas&hellip;\" \/>\n<meta property=\"og:url\" content=\"https:\/\/psicologiadeapie.es\/?page_id=65682\" \/>\n<meta property=\"og:site_name\" content=\"Psicolog\u00eda de A Pie | Terapia en Valencia | Tratamiento de Adicciones | Psic\u00f3logo Valencia\" \/>\n<meta property=\"article:publisher\" content=\"https:\/\/www.facebook.com\/eva.albamartinez\" \/>\n<meta property=\"article:modified_time\" content=\"2025-06-24T09:37:11+00:00\" \/>\n<meta property=\"og:image\" content=\"https:\/\/psicologiadeapie.es\/wp-content\/uploads\/2025\/05\/IMG-20250612-WA0057-1.jpg\" \/>\n\t<meta property=\"og:image:width\" content=\"512\" \/>\n\t<meta property=\"og:image:height\" content=\"512\" \/>\n\t<meta property=\"og:image:type\" content=\"image\/jpeg\" \/>\n<meta name=\"twitter:card\" content=\"summary_large_image\" \/>\n<meta name=\"twitter:label1\" content=\"Tiempo de lectura\" \/>\n\t<meta name=\"twitter:data1\" content=\"2 minutos\" \/>\n<script type=\"application\/ld+json\" class=\"yoast-schema-graph\">{\"@context\":\"https:\\\/\\\/schema.org\",\"@graph\":[{\"@type\":\"WebPage\",\"@id\":\"https:\\\/\\\/psicologiadeapie.es\\\/?page_id=65682\",\"url\":\"https:\\\/\\\/psicologiadeapie.es\\\/?page_id=65682\",\"name\":\"Consultor\u00eda Integral para Empresas: Psicolog\u00eda, Coaching y Mentoring estrat\u00e9gico - Psicolog\u00eda de A Pie | Terapia en Valencia | Tratamiento de Adicciones | Psic\u00f3logo Valencia\",\"isPartOf\":{\"@id\":\"https:\\\/\\\/psicologiadeapie.es\\\/#website\"},\"primaryImageOfPage\":{\"@id\":\"https:\\\/\\\/psicologiadeapie.es\\\/?page_id=65682#primaryimage\"},\"image\":{\"@id\":\"https:\\\/\\\/psicologiadeapie.es\\\/?page_id=65682#primaryimage\"},\"thumbnailUrl\":\"https:\\\/\\\/psicologiadeapie.es\\\/wp-content\\\/uploads\\\/2025\\\/05\\\/IMG-20250612-WA0057-1.jpg\",\"datePublished\":\"2025-05-21T21:37:56+00:00\",\"dateModified\":\"2025-06-24T09:37:11+00:00\",\"breadcrumb\":{\"@id\":\"https:\\\/\\\/psicologiadeapie.es\\\/?page_id=65682#breadcrumb\"},\"inLanguage\":\"es\",\"potentialAction\":[{\"@type\":\"ReadAction\",\"target\":[\"https:\\\/\\\/psicologiadeapie.es\\\/?page_id=65682\"]}]},{\"@type\":\"ImageObject\",\"inLanguage\":\"es\",\"@id\":\"https:\\\/\\\/psicologiadeapie.es\\\/?page_id=65682#primaryimage\",\"url\":\"https:\\\/\\\/psicologiadeapie.es\\\/wp-content\\\/uploads\\\/2025\\\/05\\\/IMG-20250612-WA0057-1.jpg\",\"contentUrl\":\"https:\\\/\\\/psicologiadeapie.es\\\/wp-content\\\/uploads\\\/2025\\\/05\\\/IMG-20250612-WA0057-1.jpg\",\"width\":512,\"height\":512},{\"@type\":\"BreadcrumbList\",\"@id\":\"https:\\\/\\\/psicologiadeapie.es\\\/?page_id=65682#breadcrumb\",\"itemListElement\":[{\"@type\":\"ListItem\",\"position\":1,\"name\":\"Portada\",\"item\":\"https:\\\/\\\/psicologiadeapie.es\\\/\"},{\"@type\":\"ListItem\",\"position\":2,\"name\":\"Consultor\u00eda Integral para Empresas: Psicolog\u00eda, Coaching y Mentoring estrat\u00e9gico\"}]},{\"@type\":\"WebSite\",\"@id\":\"https:\\\/\\\/psicologiadeapie.es\\\/#website\",\"url\":\"https:\\\/\\\/psicologiadeapie.es\\\/\",\"name\":\"Psicolog\u00eda de A Pie | Terapia en Valencia | Tratamiento de Adicciones | Psic\u00f3logo Valencia\",\"description\":\"Psicolog\u00eda de A Pie en Valencia ofrece terapia profesional para adicciones al cannabis, coca\u00edna, alcohol, juego y sexo. Atenci\u00f3n personalizada en Avenida de los Hermanos Maristas. Contacta al +34 638 876 674 o info@psicologiadeapie.com.\",\"publisher\":{\"@id\":\"https:\\\/\\\/psicologiadeapie.es\\\/#organization\"},\"alternateName\":\"Psicolog\u00eda de A Pie\",\"potentialAction\":[{\"@type\":\"SearchAction\",\"target\":{\"@type\":\"EntryPoint\",\"urlTemplate\":\"https:\\\/\\\/psicologiadeapie.es\\\/?s={search_term_string}\"},\"query-input\":{\"@type\":\"PropertyValueSpecification\",\"valueRequired\":true,\"valueName\":\"search_term_string\"}}],\"inLanguage\":\"es\"},{\"@type\":\"Organization\",\"@id\":\"https:\\\/\\\/psicologiadeapie.es\\\/#organization\",\"name\":\"Psicolog\u00eda de A Pie | Terapia en Valencia | Tratamiento de Adicciones | Psic\u00f3logo Valencia\",\"alternateName\":\"Psicolog\u00eda de A Pie\",\"url\":\"https:\\\/\\\/psicologiadeapie.es\\\/\",\"logo\":{\"@type\":\"ImageObject\",\"inLanguage\":\"es\",\"@id\":\"https:\\\/\\\/psicologiadeapie.es\\\/#\\\/schema\\\/logo\\\/image\\\/\",\"url\":\"https:\\\/\\\/psicologiadeapie.es\\\/wp-content\\\/uploads\\\/2025\\\/05\\\/cropped-cropped-logo-png-texto-negro-2.png\",\"contentUrl\":\"https:\\\/\\\/psicologiadeapie.es\\\/wp-content\\\/uploads\\\/2025\\\/05\\\/cropped-cropped-logo-png-texto-negro-2.png\",\"width\":608,\"height\":262,\"caption\":\"Psicolog\u00eda de A Pie | Terapia en Valencia | Tratamiento de Adicciones | Psic\u00f3logo Valencia\"},\"image\":{\"@id\":\"https:\\\/\\\/psicologiadeapie.es\\\/#\\\/schema\\\/logo\\\/image\\\/\"},\"sameAs\":[\"https:\\\/\\\/www.facebook.com\\\/eva.albamartinez\"]}]}<\/script>\n<!-- \/ Yoast SEO plugin. -->","yoast_head_json":{"title":"Consultor\u00eda Integral para Empresas: Psicolog\u00eda, Coaching y Mentoring estrat\u00e9gico - Psicolog\u00eda de A Pie | Terapia en Valencia | Tratamiento de Adicciones | Psic\u00f3logo Valencia","robots":{"index":"index","follow":"follow","max-snippet":"max-snippet:-1","max-image-preview":"max-image-preview:large","max-video-preview":"max-video-preview:-1"},"canonical":"https:\/\/psicologiadeapie.es\/?page_id=65682","og_locale":"es_ES","og_type":"article","og_title":"Consultor\u00eda Integral para Empresas: Psicolog\u00eda, Coaching y Mentoring estrat\u00e9gico - Psicolog\u00eda de A Pie | Terapia en Valencia | Tratamiento de Adicciones | Psic\u00f3logo Valencia","og_description":"Consultoria Integral para empresas En el entorno empresarial actual, donde la adaptabilidad y la innovaci\u00f3n son clave Psicolog\u00eda de a Pie ofrece una soluci\u00f3n integral para acompa\u00f1ar a las empresas&hellip;","og_url":"https:\/\/psicologiadeapie.es\/?page_id=65682","og_site_name":"Psicolog\u00eda de A Pie | Terapia en Valencia | Tratamiento de Adicciones | Psic\u00f3logo Valencia","article_publisher":"https:\/\/www.facebook.com\/eva.albamartinez","article_modified_time":"2025-06-24T09:37:11+00:00","og_image":[{"width":512,"height":512,"url":"https:\/\/psicologiadeapie.es\/wp-content\/uploads\/2025\/05\/IMG-20250612-WA0057-1.jpg","type":"image\/jpeg"}],"twitter_card":"summary_large_image","twitter_misc":{"Tiempo de lectura":"2 minutos"},"schema":{"@context":"https:\/\/schema.org","@graph":[{"@type":"WebPage","@id":"https:\/\/psicologiadeapie.es\/?page_id=65682","url":"https:\/\/psicologiadeapie.es\/?page_id=65682","name":"Consultor\u00eda Integral para Empresas: Psicolog\u00eda, Coaching y Mentoring estrat\u00e9gico - Psicolog\u00eda de A Pie | Terapia en Valencia | Tratamiento de Adicciones | Psic\u00f3logo Valencia","isPartOf":{"@id":"https:\/\/psicologiadeapie.es\/#website"},"primaryImageOfPage":{"@id":"https:\/\/psicologiadeapie.es\/?page_id=65682#primaryimage"},"image":{"@id":"https:\/\/psicologiadeapie.es\/?page_id=65682#primaryimage"},"thumbnailUrl":"https:\/\/psicologiadeapie.es\/wp-content\/uploads\/2025\/05\/IMG-20250612-WA0057-1.jpg","datePublished":"2025-05-21T21:37:56+00:00","dateModified":"2025-06-24T09:37:11+00:00","breadcrumb":{"@id":"https:\/\/psicologiadeapie.es\/?page_id=65682#breadcrumb"},"inLanguage":"es","potentialAction":[{"@type":"ReadAction","target":["https:\/\/psicologiadeapie.es\/?page_id=65682"]}]},{"@type":"ImageObject","inLanguage":"es","@id":"https:\/\/psicologiadeapie.es\/?page_id=65682#primaryimage","url":"https:\/\/psicologiadeapie.es\/wp-content\/uploads\/2025\/05\/IMG-20250612-WA0057-1.jpg","contentUrl":"https:\/\/psicologiadeapie.es\/wp-content\/uploads\/2025\/05\/IMG-20250612-WA0057-1.jpg","width":512,"height":512},{"@type":"BreadcrumbList","@id":"https:\/\/psicologiadeapie.es\/?page_id=65682#breadcrumb","itemListElement":[{"@type":"ListItem","position":1,"name":"Portada","item":"https:\/\/psicologiadeapie.es\/"},{"@type":"ListItem","position":2,"name":"Consultor\u00eda Integral para Empresas: Psicolog\u00eda, Coaching y Mentoring estrat\u00e9gico"}]},{"@type":"WebSite","@id":"https:\/\/psicologiadeapie.es\/#website","url":"https:\/\/psicologiadeapie.es\/","name":"Psicolog\u00eda de A Pie | Terapia en Valencia | Tratamiento de Adicciones | Psic\u00f3logo Valencia","description":"Psicolog\u00eda de A Pie en Valencia ofrece terapia profesional para adicciones al cannabis, coca\u00edna, alcohol, juego y sexo. Atenci\u00f3n personalizada en Avenida de los Hermanos Maristas. Contacta al +34 638 876 674 o info@psicologiadeapie.com.","publisher":{"@id":"https:\/\/psicologiadeapie.es\/#organization"},"alternateName":"Psicolog\u00eda de A Pie","potentialAction":[{"@type":"SearchAction","target":{"@type":"EntryPoint","urlTemplate":"https:\/\/psicologiadeapie.es\/?s={search_term_string}"},"query-input":{"@type":"PropertyValueSpecification","valueRequired":true,"valueName":"search_term_string"}}],"inLanguage":"es"},{"@type":"Organization","@id":"https:\/\/psicologiadeapie.es\/#organization","name":"Psicolog\u00eda de A Pie | Terapia en Valencia | Tratamiento de Adicciones | Psic\u00f3logo Valencia","alternateName":"Psicolog\u00eda de A Pie","url":"https:\/\/psicologiadeapie.es\/","logo":{"@type":"ImageObject","inLanguage":"es","@id":"https:\/\/psicologiadeapie.es\/#\/schema\/logo\/image\/","url":"https:\/\/psicologiadeapie.es\/wp-content\/uploads\/2025\/05\/cropped-cropped-logo-png-texto-negro-2.png","contentUrl":"https:\/\/psicologiadeapie.es\/wp-content\/uploads\/2025\/05\/cropped-cropped-logo-png-texto-negro-2.png","width":608,"height":262,"caption":"Psicolog\u00eda de A Pie | Terapia en Valencia | Tratamiento de Adicciones | Psic\u00f3logo Valencia"},"image":{"@id":"https:\/\/psicologiadeapie.es\/#\/schema\/logo\/image\/"},"sameAs":["https:\/\/www.facebook.com\/eva.albamartinez"]}]}},"_links":{"self":[{"href":"https:\/\/psicologiadeapie.es\/index.php?rest_route=\/wp\/v2\/pages\/65682","targetHints":{"allow":["GET"]}}],"collection":[{"href":"https:\/\/psicologiadeapie.es\/index.php?rest_route=\/wp\/v2\/pages"}],"about":[{"href":"https:\/\/psicologiadeapie.es\/index.php?rest_route=\/wp\/v2\/types\/page"}],"author":[{"embeddable":true,"href":"https:\/\/psicologiadeapie.es\/index.php?rest_route=\/wp\/v2\/users\/1"}],"replies":[{"embeddable":true,"href":"https:\/\/psicologiadeapie.es\/index.php?rest_route=%2Fwp%2Fv2%2Fcomments&post=65682"}],"version-history":[{"count":7,"href":"https:\/\/psicologiadeapie.es\/index.php?rest_route=\/wp\/v2\/pages\/65682\/revisions"}],"predecessor-version":[{"id":66259,"href":"https:\/\/psicologiadeapie.es\/index.php?rest_route=\/wp\/v2\/pages\/65682\/revisions\/66259"}],"wp:featuredmedia":[{"embeddable":true,"href":"https:\/\/psicologiadeapie.es\/index.php?rest_route=\/wp\/v2\/media\/66250"}],"wp:attachment":[{"href":"https:\/\/psicologiadeapie.es\/index.php?rest_route=%2Fwp%2Fv2%2Fmedia&parent=65682"}],"curies":[{"name":"wp","href":"https:\/\/api.w.org\/{rel}","templated":true}]}}