{"id":65681,"date":"2025-05-21T21:37:56","date_gmt":"2025-05-21T21:37:56","guid":{"rendered":"https:\/\/psicologiadeapie.com\/terapia-para-adolescentes\/"},"modified":"2025-06-27T09:21:42","modified_gmt":"2025-06-27T09:21:42","slug":"terapia-para-adolescentes","status":"publish","type":"page","link":"https:\/\/psicologiadeapie.es\/?page_id=65681","title":{"rendered":"Terapia para Adolescentes"},"content":{"rendered":"\n<h2 class=\"wp-block-heading\">Razones por las que hacer terapia<\/h2>\n\n\n\n<ul class=\"wp-block-list\">\n<li>Falta de comunicaci\u00f3n<\/li>\n\n\n\n<li>Conflictos familiares<\/li>\n\n\n\n<li>Agresividad y violencia<\/li>\n\n\n\n<li>Problemas emocionales<\/li>\n\n\n\n<li>Trastornos alimenticios<\/li>\n\n\n\n<li>Adicciones<\/li>\n<\/ul>\n\n\n\n<a href=\"https:\/\/api.whatsapp.com\/send?phone=34638876674\"\n   style=\"background-color: #748578; color: #fff; padding: 12px 24px; text-decoration: none; border-radius: 6px; display: inline-block; font-weight: bold; transition: background-color 0.3s ease;\">\n   Pide cita\n<\/a>\n\n\n\n<p><a href=\"https:\/\/api.whatsapp.com\/send?phone=34638876674\"><br><\/a><\/p>\n\n\n\n<h2 class=\"wp-block-heading\">La etapa de la preadolescencia y adolescencia<\/h2>\n\n\n\n<figure class=\"wp-block-image size-full is-style-default\"><img fetchpriority=\"high\" decoding=\"async\" width=\"512\" height=\"279\" src=\"https:\/\/psicologiadeapie.es\/wp-content\/uploads\/2025\/06\/terapia-adolescente.jpg\" alt=\"\" class=\"wp-image-66318\" srcset=\"https:\/\/psicologiadeapie.es\/wp-content\/uploads\/2025\/06\/terapia-adolescente.jpg 512w, https:\/\/psicologiadeapie.es\/wp-content\/uploads\/2025\/06\/terapia-adolescente-300x163.jpg 300w, https:\/\/psicologiadeapie.es\/wp-content\/uploads\/2025\/06\/terapia-adolescente-370x202.jpg 370w, https:\/\/psicologiadeapie.es\/wp-content\/uploads\/2025\/06\/terapia-adolescente-410x223.jpg 410w\" sizes=\"(max-width: 600px) 100vw, 512px\" \/><\/figure>\n\n\n\n<p><br><\/p>\n\n\n\n<p>La&nbsp;<strong>terapia para tratar los problemas de la adolescencia&nbsp;<\/strong>es una buena herramienta tanto par los adolescentes como para los padres.&nbsp;<strong>Vivimos en una sociedad agresiva y compleja<\/strong>&nbsp;que parece que nos est\u00e1 examinando constantemente.&nbsp;<strong>El ni\u00f1o crece mucho mas inseguro<\/strong>&nbsp;porque no sabe c\u00f3mo afrontar las experiencias y tiene, por tanto, mayor dificultad para reaccionar ante las cosas. La etapa de desarrollo vital que conocemos como preadolescencia y adolescencia puede ser bastante convulsa en la mayor\u00eda de los jovenes. Poco a poco&nbsp;<strong>los miedos generados por la desorientaci\u00f3n (la falta de experiencia) se van traduciendo en una rebeld\u00eda<\/strong>&nbsp;hacia las figuras referenciales (padres). Estos referentes que han sido fundamentales en una etapa anterior van desapareciendo, y el ni\u00f1o-preadolescente-adolescente se queda ante su propio proceso de pensamiento, de estabilidad y de funcionamiento psicol\u00f3gico-moral ante la sociedad que le rodea.<\/p>\n\n\n\n<h2 class=\"wp-block-heading\">Adolescencia, problemas emocionales, caos personal<\/h2>\n\n\n\n<figure class=\"wp-block-image size-full\"><img decoding=\"async\" width=\"512\" height=\"279\" src=\"https:\/\/psicologiadeapie.es\/wp-content\/uploads\/2025\/06\/1-Terapia-adolescentes.jpg\" alt=\"\" class=\"wp-image-66319\" srcset=\"https:\/\/psicologiadeapie.es\/wp-content\/uploads\/2025\/06\/1-Terapia-adolescentes.jpg 512w, https:\/\/psicologiadeapie.es\/wp-content\/uploads\/2025\/06\/1-Terapia-adolescentes-300x163.jpg 300w, https:\/\/psicologiadeapie.es\/wp-content\/uploads\/2025\/06\/1-Terapia-adolescentes-370x202.jpg 370w, https:\/\/psicologiadeapie.es\/wp-content\/uploads\/2025\/06\/1-Terapia-adolescentes-410x223.jpg 410w\" sizes=\"(max-width: 600px) 100vw, 512px\" \/><\/figure>\n\n\n\n<p><strong>Un modelo social que justifica los egoismos<\/strong>&nbsp;educa a ni\u00f1os que se convierten, posteriormente, en j\u00f3venes (preadolescentes y adolescentes) egoistas, individualistas y egoc\u00e9ntricos. Un&nbsp;<strong>tiempo de caos emocional,<\/strong>&nbsp;las m\u00e1s de las veces, en el que la apertura hacia nuevos referentes (que ya no son los padres si no las amistades y otros\u2026) facilita que los chavales cada vez m\u00e1s j\u00f3venes se abran a experimentar con todo tipo de sustancias, se vean inmersos en estados de&nbsp;<strong>desequilibrio psico-emocional<\/strong>,&nbsp;<strong>trastornos de alimentaci\u00f3n<\/strong>,&nbsp;<strong>comportamiento agresivo<\/strong>&nbsp;y violento y rechazen la comunicaci\u00f3n. Tenemos la responsabilidad de&nbsp;<strong>ayudarles a pasar por este ciclo de vida de una forma menos traum\u00e1tica y dram\u00e1tica<\/strong>. El dolor del cambio, del paso de la ni\u00f1ez a una etapa de juventud, es parte del proceso de crecimiento y desarrollo pero, no lo es el sufrimiento. No es inevitable sufrir.<\/p>\n\n\n\n<p>El apoyo psicol\u00f3gico familiar y profesional durante estas dos etapas tan importantes de nuestra vida pueden marcar, en mucha medida, la forma en que estos ni\u00f1os-preadolescentes-adolescentes pasen por este ciclo vital de otra manera.<\/p>\n\n\n\n<h2 class=\"wp-block-heading\">\u00bfEn qu\u00e9 me puede ayudar ir al psic\u00f3logo o hacer terapia para adolescentes?<\/h2>\n\n\n\n<p>Un buen equipo de profesionales para&nbsp;<strong>ayudar a los padres y a los chavales &nbsp;a superar las dificultades y crear una base de desarrollo que sea m\u00e1s s\u00f3lida y coherente<\/strong>&nbsp;con las verdaderas necesidades de crecimiento es importante. La&nbsp; naturaleza del ni\u00f1o y\/o adolescente puede entonces desarrollar su personalidad de una forma m\u00e1s aut\u00e9ntica y menos egoista.<\/p>\n\n\n\n<a href=\"https:\/\/api.whatsapp.com\/send?phone=34638876674\"\n   style=\"background-color: #748578; color: #fff; padding: 12px 24px; text-decoration: none; border-radius: 6px; display: inline-block; font-weight: bold; transition: background-color 0.3s ease;\">\n   Pide cita\n<\/a>\n\n\n\n<p><\/p>\n\n\n\n<p><a href=\"https:\/\/api.whatsapp.com\/send?phone=34638876674\"><br><\/a><\/p>\n","protected":false},"excerpt":{"rendered":"<p>Razones por las que hacer terapia Pide cita La etapa de la preadolescencia y adolescencia La&nbsp;terapia para tratar los problemas de la adolescencia&nbsp;es una buena herramienta tanto par los adolescentes&hellip;<\/p>\n","protected":false},"author":1,"featured_media":0,"parent":0,"menu_order":0,"comment_status":"open","ping_status":"open","template":"","meta":{"footnotes":""},"class_list":["post-65681","page","type-page","status-publish","hentry"],"yoast_head":"<!-- This site is optimized with the Yoast SEO plugin v27.4 - https:\/\/yoast.com\/product\/yoast-seo-wordpress\/ -->\n<title>Terapia para Adolescentes - Psicolog\u00eda de A Pie | Terapia en Valencia | Tratamiento de Adicciones | Psic\u00f3logo Valencia<\/title>\n<meta name=\"robots\" content=\"index, follow, max-snippet:-1, max-image-preview:large, max-video-preview:-1\" \/>\n<link rel=\"canonical\" href=\"https:\/\/psicologiadeapie.es\/?page_id=65681\" \/>\n<meta property=\"og:locale\" content=\"es_ES\" \/>\n<meta property=\"og:type\" content=\"article\" \/>\n<meta property=\"og:title\" content=\"Terapia para Adolescentes - Psicolog\u00eda de A Pie | Terapia en Valencia | Tratamiento de Adicciones | Psic\u00f3logo Valencia\" \/>\n<meta property=\"og:description\" content=\"Razones por las que hacer terapia Pide cita La etapa de la preadolescencia y adolescencia La&nbsp;terapia para tratar los problemas de la adolescencia&nbsp;es una buena herramienta tanto par los adolescentes&hellip;\" \/>\n<meta property=\"og:url\" content=\"https:\/\/psicologiadeapie.es\/?page_id=65681\" \/>\n<meta property=\"og:site_name\" content=\"Psicolog\u00eda de A Pie | Terapia en Valencia | Tratamiento de Adicciones | Psic\u00f3logo Valencia\" \/>\n<meta property=\"article:publisher\" content=\"https:\/\/www.facebook.com\/eva.albamartinez\" \/>\n<meta property=\"article:modified_time\" content=\"2025-06-27T09:21:42+00:00\" \/>\n<meta property=\"og:image\" content=\"https:\/\/psicologiadeapie.es\/wp-content\/uploads\/2025\/06\/terapia-adolescente.jpg\" \/>\n<meta name=\"twitter:card\" content=\"summary_large_image\" \/>\n<meta name=\"twitter:label1\" content=\"Tiempo de lectura\" \/>\n\t<meta name=\"twitter:data1\" content=\"2 minutos\" \/>\n<script type=\"application\/ld+json\" class=\"yoast-schema-graph\">{\"@context\":\"https:\\\/\\\/schema.org\",\"@graph\":[{\"@type\":\"WebPage\",\"@id\":\"https:\\\/\\\/psicologiadeapie.es\\\/?page_id=65681\",\"url\":\"https:\\\/\\\/psicologiadeapie.es\\\/?page_id=65681\",\"name\":\"Terapia para Adolescentes - Psicolog\u00eda de A Pie | Terapia en Valencia | Tratamiento de Adicciones | Psic\u00f3logo Valencia\",\"isPartOf\":{\"@id\":\"https:\\\/\\\/psicologiadeapie.es\\\/#website\"},\"primaryImageOfPage\":{\"@id\":\"https:\\\/\\\/psicologiadeapie.es\\\/?page_id=65681#primaryimage\"},\"image\":{\"@id\":\"https:\\\/\\\/psicologiadeapie.es\\\/?page_id=65681#primaryimage\"},\"thumbnailUrl\":\"https:\\\/\\\/psicologiadeapie.es\\\/wp-content\\\/uploads\\\/2025\\\/06\\\/terapia-adolescente.jpg\",\"datePublished\":\"2025-05-21T21:37:56+00:00\",\"dateModified\":\"2025-06-27T09:21:42+00:00\",\"breadcrumb\":{\"@id\":\"https:\\\/\\\/psicologiadeapie.es\\\/?page_id=65681#breadcrumb\"},\"inLanguage\":\"es\",\"potentialAction\":[{\"@type\":\"ReadAction\",\"target\":[\"https:\\\/\\\/psicologiadeapie.es\\\/?page_id=65681\"]}]},{\"@type\":\"ImageObject\",\"inLanguage\":\"es\",\"@id\":\"https:\\\/\\\/psicologiadeapie.es\\\/?page_id=65681#primaryimage\",\"url\":\"https:\\\/\\\/psicologiadeapie.es\\\/wp-content\\\/uploads\\\/2025\\\/06\\\/terapia-adolescente.jpg\",\"contentUrl\":\"https:\\\/\\\/psicologiadeapie.es\\\/wp-content\\\/uploads\\\/2025\\\/06\\\/terapia-adolescente.jpg\",\"width\":512,\"height\":279},{\"@type\":\"BreadcrumbList\",\"@id\":\"https:\\\/\\\/psicologiadeapie.es\\\/?page_id=65681#breadcrumb\",\"itemListElement\":[{\"@type\":\"ListItem\",\"position\":1,\"name\":\"Portada\",\"item\":\"https:\\\/\\\/psicologiadeapie.es\\\/\"},{\"@type\":\"ListItem\",\"position\":2,\"name\":\"Terapia para Adolescentes\"}]},{\"@type\":\"WebSite\",\"@id\":\"https:\\\/\\\/psicologiadeapie.es\\\/#website\",\"url\":\"https:\\\/\\\/psicologiadeapie.es\\\/\",\"name\":\"Psicolog\u00eda de A Pie | Terapia en Valencia | Tratamiento de Adicciones | Psic\u00f3logo Valencia\",\"description\":\"Psicolog\u00eda de A Pie en Valencia ofrece terapia profesional para adicciones al cannabis, coca\u00edna, alcohol, juego y sexo. Atenci\u00f3n personalizada en Avenida de los Hermanos Maristas. Contacta al +34 638 876 674 o info@psicologiadeapie.com.\",\"publisher\":{\"@id\":\"https:\\\/\\\/psicologiadeapie.es\\\/#organization\"},\"alternateName\":\"Psicolog\u00eda de A Pie\",\"potentialAction\":[{\"@type\":\"SearchAction\",\"target\":{\"@type\":\"EntryPoint\",\"urlTemplate\":\"https:\\\/\\\/psicologiadeapie.es\\\/?s={search_term_string}\"},\"query-input\":{\"@type\":\"PropertyValueSpecification\",\"valueRequired\":true,\"valueName\":\"search_term_string\"}}],\"inLanguage\":\"es\"},{\"@type\":\"Organization\",\"@id\":\"https:\\\/\\\/psicologiadeapie.es\\\/#organization\",\"name\":\"Psicolog\u00eda de A Pie | Terapia en Valencia | Tratamiento de Adicciones | Psic\u00f3logo Valencia\",\"alternateName\":\"Psicolog\u00eda de A Pie\",\"url\":\"https:\\\/\\\/psicologiadeapie.es\\\/\",\"logo\":{\"@type\":\"ImageObject\",\"inLanguage\":\"es\",\"@id\":\"https:\\\/\\\/psicologiadeapie.es\\\/#\\\/schema\\\/logo\\\/image\\\/\",\"url\":\"https:\\\/\\\/psicologiadeapie.es\\\/wp-content\\\/uploads\\\/2025\\\/05\\\/cropped-cropped-logo-png-texto-negro-2.png\",\"contentUrl\":\"https:\\\/\\\/psicologiadeapie.es\\\/wp-content\\\/uploads\\\/2025\\\/05\\\/cropped-cropped-logo-png-texto-negro-2.png\",\"width\":608,\"height\":262,\"caption\":\"Psicolog\u00eda de A Pie | Terapia en Valencia | Tratamiento de Adicciones | Psic\u00f3logo Valencia\"},\"image\":{\"@id\":\"https:\\\/\\\/psicologiadeapie.es\\\/#\\\/schema\\\/logo\\\/image\\\/\"},\"sameAs\":[\"https:\\\/\\\/www.facebook.com\\\/eva.albamartinez\"]}]}<\/script>\n<!-- \/ Yoast SEO plugin. -->","yoast_head_json":{"title":"Terapia para Adolescentes - Psicolog\u00eda de A Pie | Terapia en Valencia | Tratamiento de Adicciones | Psic\u00f3logo Valencia","robots":{"index":"index","follow":"follow","max-snippet":"max-snippet:-1","max-image-preview":"max-image-preview:large","max-video-preview":"max-video-preview:-1"},"canonical":"https:\/\/psicologiadeapie.es\/?page_id=65681","og_locale":"es_ES","og_type":"article","og_title":"Terapia para Adolescentes - Psicolog\u00eda de A Pie | Terapia en Valencia | Tratamiento de Adicciones | Psic\u00f3logo Valencia","og_description":"Razones por las que hacer terapia Pide cita La etapa de la preadolescencia y adolescencia La&nbsp;terapia para tratar los problemas de la adolescencia&nbsp;es una buena herramienta tanto par los adolescentes&hellip;","og_url":"https:\/\/psicologiadeapie.es\/?page_id=65681","og_site_name":"Psicolog\u00eda de A Pie | Terapia en Valencia | Tratamiento de Adicciones | Psic\u00f3logo Valencia","article_publisher":"https:\/\/www.facebook.com\/eva.albamartinez","article_modified_time":"2025-06-27T09:21:42+00:00","og_image":[{"url":"https:\/\/psicologiadeapie.es\/wp-content\/uploads\/2025\/06\/terapia-adolescente.jpg","type":"","width":"","height":""}],"twitter_card":"summary_large_image","twitter_misc":{"Tiempo de lectura":"2 minutos"},"schema":{"@context":"https:\/\/schema.org","@graph":[{"@type":"WebPage","@id":"https:\/\/psicologiadeapie.es\/?page_id=65681","url":"https:\/\/psicologiadeapie.es\/?page_id=65681","name":"Terapia para Adolescentes - Psicolog\u00eda de A Pie | Terapia en Valencia | Tratamiento de Adicciones | Psic\u00f3logo Valencia","isPartOf":{"@id":"https:\/\/psicologiadeapie.es\/#website"},"primaryImageOfPage":{"@id":"https:\/\/psicologiadeapie.es\/?page_id=65681#primaryimage"},"image":{"@id":"https:\/\/psicologiadeapie.es\/?page_id=65681#primaryimage"},"thumbnailUrl":"https:\/\/psicologiadeapie.es\/wp-content\/uploads\/2025\/06\/terapia-adolescente.jpg","datePublished":"2025-05-21T21:37:56+00:00","dateModified":"2025-06-27T09:21:42+00:00","breadcrumb":{"@id":"https:\/\/psicologiadeapie.es\/?page_id=65681#breadcrumb"},"inLanguage":"es","potentialAction":[{"@type":"ReadAction","target":["https:\/\/psicologiadeapie.es\/?page_id=65681"]}]},{"@type":"ImageObject","inLanguage":"es","@id":"https:\/\/psicologiadeapie.es\/?page_id=65681#primaryimage","url":"https:\/\/psicologiadeapie.es\/wp-content\/uploads\/2025\/06\/terapia-adolescente.jpg","contentUrl":"https:\/\/psicologiadeapie.es\/wp-content\/uploads\/2025\/06\/terapia-adolescente.jpg","width":512,"height":279},{"@type":"BreadcrumbList","@id":"https:\/\/psicologiadeapie.es\/?page_id=65681#breadcrumb","itemListElement":[{"@type":"ListItem","position":1,"name":"Portada","item":"https:\/\/psicologiadeapie.es\/"},{"@type":"ListItem","position":2,"name":"Terapia para Adolescentes"}]},{"@type":"WebSite","@id":"https:\/\/psicologiadeapie.es\/#website","url":"https:\/\/psicologiadeapie.es\/","name":"Psicolog\u00eda de A Pie | Terapia en Valencia | Tratamiento de Adicciones | Psic\u00f3logo Valencia","description":"Psicolog\u00eda de A Pie en Valencia ofrece terapia profesional para adicciones al cannabis, coca\u00edna, alcohol, juego y sexo. Atenci\u00f3n personalizada en Avenida de los Hermanos Maristas. Contacta al +34 638 876 674 o info@psicologiadeapie.com.","publisher":{"@id":"https:\/\/psicologiadeapie.es\/#organization"},"alternateName":"Psicolog\u00eda de A Pie","potentialAction":[{"@type":"SearchAction","target":{"@type":"EntryPoint","urlTemplate":"https:\/\/psicologiadeapie.es\/?s={search_term_string}"},"query-input":{"@type":"PropertyValueSpecification","valueRequired":true,"valueName":"search_term_string"}}],"inLanguage":"es"},{"@type":"Organization","@id":"https:\/\/psicologiadeapie.es\/#organization","name":"Psicolog\u00eda de A Pie | Terapia en Valencia | Tratamiento de Adicciones | Psic\u00f3logo Valencia","alternateName":"Psicolog\u00eda de A Pie","url":"https:\/\/psicologiadeapie.es\/","logo":{"@type":"ImageObject","inLanguage":"es","@id":"https:\/\/psicologiadeapie.es\/#\/schema\/logo\/image\/","url":"https:\/\/psicologiadeapie.es\/wp-content\/uploads\/2025\/05\/cropped-cropped-logo-png-texto-negro-2.png","contentUrl":"https:\/\/psicologiadeapie.es\/wp-content\/uploads\/2025\/05\/cropped-cropped-logo-png-texto-negro-2.png","width":608,"height":262,"caption":"Psicolog\u00eda de A Pie | Terapia en Valencia | Tratamiento de Adicciones | Psic\u00f3logo Valencia"},"image":{"@id":"https:\/\/psicologiadeapie.es\/#\/schema\/logo\/image\/"},"sameAs":["https:\/\/www.facebook.com\/eva.albamartinez"]}]}},"_links":{"self":[{"href":"https:\/\/psicologiadeapie.es\/index.php?rest_route=\/wp\/v2\/pages\/65681","targetHints":{"allow":["GET"]}}],"collection":[{"href":"https:\/\/psicologiadeapie.es\/index.php?rest_route=\/wp\/v2\/pages"}],"about":[{"href":"https:\/\/psicologiadeapie.es\/index.php?rest_route=\/wp\/v2\/types\/page"}],"author":[{"embeddable":true,"href":"https:\/\/psicologiadeapie.es\/index.php?rest_route=\/wp\/v2\/users\/1"}],"replies":[{"embeddable":true,"href":"https:\/\/psicologiadeapie.es\/index.php?rest_route=%2Fwp%2Fv2%2Fcomments&post=65681"}],"version-history":[{"count":2,"href":"https:\/\/psicologiadeapie.es\/index.php?rest_route=\/wp\/v2\/pages\/65681\/revisions"}],"predecessor-version":[{"id":66320,"href":"https:\/\/psicologiadeapie.es\/index.php?rest_route=\/wp\/v2\/pages\/65681\/revisions\/66320"}],"wp:attachment":[{"href":"https:\/\/psicologiadeapie.es\/index.php?rest_route=%2Fwp%2Fv2%2Fmedia&parent=65681"}],"curies":[{"name":"wp","href":"https:\/\/api.w.org\/{rel}","templated":true}]}}