{"id":65679,"date":"2025-05-21T21:37:56","date_gmt":"2025-05-21T21:37:56","guid":{"rendered":"https:\/\/psicologiadeapie.com\/psicologia-para-la-ansiedad-2\/"},"modified":"2025-06-27T09:03:07","modified_gmt":"2025-06-27T09:03:07","slug":"psicologia-para-la-ansiedad-2","status":"publish","type":"page","link":"https:\/\/psicologiadeapie.es\/?page_id=65679","title":{"rendered":"Psicolog\u00eda para la Ansiedad"},"content":{"rendered":"\t\t<div data-elementor-type=\"wp-page\" data-elementor-id=\"65679\" class=\"elementor elementor-65679\" data-elementor-post-type=\"page\">\n\t\t\t\t\t\t<section class=\"elementor-section elementor-top-section elementor-element elementor-element-c094a4b elementor-section-boxed elementor-section-height-default elementor-section-height-default sc_fly_static\" data-id=\"c094a4b\" data-element_type=\"section\" data-e-type=\"section\">\n\t\t\t\t\t\t<div class=\"elementor-container elementor-column-gap-extended\">\n\t\t\t\t\t<div class=\"elementor-column elementor-col-100 elementor-top-column elementor-element elementor-element-5c3013e sc_content_align_inherit sc_layouts_column_icons_position_left sc_fly_static\" data-id=\"5c3013e\" data-element_type=\"column\" data-e-type=\"column\">\n\t\t\t<div class=\"elementor-widget-wrap elementor-element-populated\">\n\t\t\t\t\t\t<div class=\"elementor-element elementor-element-015832f sc_fly_static elementor-widget elementor-widget-image\" data-id=\"015832f\" data-element_type=\"widget\" data-e-type=\"widget\" data-widget_type=\"image.default\">\n\t\t\t\t<div class=\"elementor-widget-container\">\n\t\t\t\t\t\t\t\t\t\t\t\t\t\t\t<img fetchpriority=\"high\" decoding=\"async\" width=\"1024\" height=\"683\" src=\"https:\/\/psicologiadeapie.es\/wp-content\/uploads\/2025\/06\/Psicologia-ansiedad-min-1024x683.png\" class=\"attachment-large size-large wp-image-66301\" alt=\"\" srcset=\"https:\/\/psicologiadeapie.es\/wp-content\/uploads\/2025\/06\/Psicologia-ansiedad-min-1024x683.png 1024w, https:\/\/psicologiadeapie.es\/wp-content\/uploads\/2025\/06\/Psicologia-ansiedad-min-300x200.png 300w, https:\/\/psicologiadeapie.es\/wp-content\/uploads\/2025\/06\/Psicologia-ansiedad-min-768x512.png 768w, https:\/\/psicologiadeapie.es\/wp-content\/uploads\/2025\/06\/Psicologia-ansiedad-min-370x247.png 370w, https:\/\/psicologiadeapie.es\/wp-content\/uploads\/2025\/06\/Psicologia-ansiedad-min-840x560.png 840w, https:\/\/psicologiadeapie.es\/wp-content\/uploads\/2025\/06\/Psicologia-ansiedad-min-410x273.png 410w, https:\/\/psicologiadeapie.es\/wp-content\/uploads\/2025\/06\/Psicologia-ansiedad-min-600x400.png 600w, https:\/\/psicologiadeapie.es\/wp-content\/uploads\/2025\/06\/Psicologia-ansiedad-min.png 1536w\" sizes=\"(max-width: 1024px) 100vw, 1024px\" \/>\t\t\t\t\t\t\t\t\t\t\t\t\t\t\t<\/div>\n\t\t\t\t<\/div>\n\t\t\t\t\t<\/div>\n\t\t<\/div>\n\t\t\t\t\t<\/div>\n\t\t<\/section>\n\t\t\t\t<section class=\"elementor-section elementor-top-section elementor-element elementor-element-91b6e8d elementor-section-boxed elementor-section-height-default elementor-section-height-default sc_fly_static\" data-id=\"91b6e8d\" data-element_type=\"section\" data-e-type=\"section\">\n\t\t\t\t\t\t<div class=\"elementor-container elementor-column-gap-extended\">\n\t\t\t\t\t<div class=\"elementor-column elementor-col-100 elementor-top-column elementor-element elementor-element-ccaef02 sc_content_align_inherit sc_layouts_column_icons_position_left sc_fly_static\" data-id=\"ccaef02\" data-element_type=\"column\" data-e-type=\"column\">\n\t\t\t<div class=\"elementor-widget-wrap elementor-element-populated\">\n\t\t\t\t\t\t<div class=\"elementor-element elementor-element-98ad05e sc_fly_static elementor-widget elementor-widget-heading\" data-id=\"98ad05e\" data-element_type=\"widget\" data-e-type=\"widget\" data-widget_type=\"heading.default\">\n\t\t\t\t<div class=\"elementor-widget-container\">\n\t\t\t\t\t<h2 class=\"elementor-heading-title elementor-size-default\">Creo que tengo ansiedad, \u00bfnecesito terapia?<\/h2>\t\t\t\t<\/div>\n\t\t\t\t<\/div>\n\t\t\t\t\t<\/div>\n\t\t<\/div>\n\t\t\t\t\t<\/div>\n\t\t<\/section>\n\t\t\t\t<section class=\"elementor-section elementor-top-section elementor-element elementor-element-b3c604d elementor-section-boxed elementor-section-height-default elementor-section-height-default sc_fly_static\" data-id=\"b3c604d\" data-element_type=\"section\" data-e-type=\"section\">\n\t\t\t\t\t\t<div class=\"elementor-container elementor-column-gap-extended\">\n\t\t\t\t\t<div class=\"elementor-column elementor-col-100 elementor-top-column elementor-element elementor-element-255eba6 sc_content_align_inherit sc_layouts_column_icons_position_left sc_fly_static\" data-id=\"255eba6\" data-element_type=\"column\" data-e-type=\"column\">\n\t\t\t<div class=\"elementor-widget-wrap elementor-element-populated\">\n\t\t\t\t\t\t<div class=\"elementor-element elementor-element-255d8c5 sc_fly_static elementor-widget elementor-widget-text-editor\" data-id=\"255d8c5\" data-element_type=\"widget\" data-e-type=\"widget\" data-widget_type=\"text-editor.default\">\n\t\t\t\t<div class=\"elementor-widget-container\">\n\t\t\t\t\t\t\t\t\t<p>Si has aterrizado en esta p\u00e1gina, es probable que pienses que sufres de ansiedad. Este trastorno se ha convertido en el gran protagonista de nuestro tiempo. De hecho, diariamente hacemos terapias con personas que sufren ansiedad y algunos de ellos llegan aqu\u00ed habiendo ya probado controlarla mediante diferentes m\u00e9todos sin \u00e9xito.<\/p><p>Nuestra vocaci\u00f3n es\u00a0<strong>evaluar, tratar y brindar<\/strong>\u00a0el mejor tratamiento posible para cada persona, ya que la ansiedad no tiene una forma definida, sino que se manifiesta de manera diferente en cada uno de nosotros, y algunas veces deriva o puede dar comienzo a alg\u00fan otro problema de salud mental.<\/p><p>Antes de seguir, me gustar\u00eda aclarar que, si bien es cierto que la ansiedad es un trastorno generalizado, muchas veces llamamos as\u00ed a reacciones que no son realmente ansiedad, como lo son el estr\u00e9s, el agobio o el nerviosismo.<\/p>\t\t\t\t\t\t\t\t<\/div>\n\t\t\t\t<\/div>\n\t\t\t\t<div class=\"elementor-element elementor-element-63a44d8 sc_fly_static elementor-widget elementor-widget-heading\" data-id=\"63a44d8\" data-element_type=\"widget\" data-e-type=\"widget\" data-widget_type=\"heading.default\">\n\t\t\t\t<div class=\"elementor-widget-container\">\n\t\t\t\t\t<h2 class=\"elementor-heading-title elementor-size-default\">Recibe atenci\u00f3n personalizada\n<\/h2>\t\t\t\t<\/div>\n\t\t\t\t<\/div>\n\t\t\t\t\t<\/div>\n\t\t<\/div>\n\t\t\t\t\t<\/div>\n\t\t<\/section>\n\t\t\t\t<section class=\"elementor-section elementor-top-section elementor-element elementor-element-7c5d851 elementor-section-boxed elementor-section-height-default elementor-section-height-default sc_fly_static\" data-id=\"7c5d851\" data-element_type=\"section\" data-e-type=\"section\">\n\t\t\t\t\t\t<div class=\"elementor-container elementor-column-gap-extended\">\n\t\t\t\t\t<div class=\"elementor-column elementor-col-100 elementor-top-column elementor-element elementor-element-3aa4ef8 sc_content_align_inherit sc_layouts_column_icons_position_left sc_fly_static\" data-id=\"3aa4ef8\" data-element_type=\"column\" data-e-type=\"column\">\n\t\t\t<div class=\"elementor-widget-wrap elementor-element-populated\">\n\t\t\t\t\t\t<div class=\"elementor-element elementor-element-a44967d sc_fly_static elementor-widget elementor-widget-button\" data-id=\"a44967d\" data-element_type=\"widget\" data-e-type=\"widget\" data-widget_type=\"button.default\">\n\t\t\t\t<div class=\"elementor-widget-container\">\n\t\t\t\t\t\t\t\t\t<div class=\"elementor-button-wrapper\">\n\t\t\t\t\t<a class=\"elementor-button elementor-button-link elementor-size-sm\" href=\"https:\/\/api.whatsapp.com\/send?phone=34638876674\">\n\t\t\t\t\t\t<span class=\"elementor-button-content-wrapper\">\n\t\t\t\t\t\t\t\t\t<span class=\"elementor-button-text\">Haz clic aqu\u00ed<\/span>\n\t\t\t\t\t<\/span>\n\t\t\t\t\t<\/a>\n\t\t\t\t<\/div>\n\t\t\t\t\t\t\t\t<\/div>\n\t\t\t\t<\/div>\n\t\t\t\t\t<\/div>\n\t\t<\/div>\n\t\t\t\t\t<\/div>\n\t\t<\/section>\n\t\t\t\t<section class=\"elementor-section elementor-top-section elementor-element elementor-element-50e5b2a elementor-section-boxed elementor-section-height-default elementor-section-height-default sc_fly_static\" data-id=\"50e5b2a\" data-element_type=\"section\" data-e-type=\"section\">\n\t\t\t\t\t\t<div class=\"elementor-container elementor-column-gap-extended\">\n\t\t\t\t\t<div class=\"elementor-column elementor-col-100 elementor-top-column elementor-element elementor-element-b6e3e95 sc_content_align_inherit sc_layouts_column_icons_position_left sc_fly_static\" data-id=\"b6e3e95\" data-element_type=\"column\" data-e-type=\"column\">\n\t\t\t<div class=\"elementor-widget-wrap elementor-element-populated\">\n\t\t\t\t\t\t<div class=\"elementor-element elementor-element-48601c6 sc_fly_static elementor-widget elementor-widget-heading\" data-id=\"48601c6\" data-element_type=\"widget\" data-e-type=\"widget\" data-widget_type=\"heading.default\">\n\t\t\t\t<div class=\"elementor-widget-container\">\n\t\t\t\t\t<h2 class=\"elementor-heading-title elementor-size-default\">Entonces, \u00bfqu\u00e9 es la ansiedad?<\/h2>\t\t\t\t<\/div>\n\t\t\t\t<\/div>\n\t\t\t\t\t<\/div>\n\t\t<\/div>\n\t\t\t\t\t<\/div>\n\t\t<\/section>\n\t\t\t\t<section class=\"elementor-section elementor-top-section elementor-element elementor-element-6df34c1 elementor-section-boxed elementor-section-height-default elementor-section-height-default sc_fly_static\" data-id=\"6df34c1\" data-element_type=\"section\" data-e-type=\"section\">\n\t\t\t\t\t\t<div class=\"elementor-container elementor-column-gap-extended\">\n\t\t\t\t\t<div class=\"elementor-column elementor-col-100 elementor-top-column elementor-element elementor-element-b216407 sc_content_align_inherit sc_layouts_column_icons_position_left sc_fly_static\" data-id=\"b216407\" data-element_type=\"column\" data-e-type=\"column\">\n\t\t\t<div class=\"elementor-widget-wrap elementor-element-populated\">\n\t\t\t\t\t\t<div class=\"elementor-element elementor-element-9831935 sc_fly_static elementor-widget elementor-widget-text-editor\" data-id=\"9831935\" data-element_type=\"widget\" data-e-type=\"widget\" data-widget_type=\"text-editor.default\">\n\t\t\t\t<div class=\"elementor-widget-container\">\n\t\t\t\t\t\t\t\t\t<p>Bien, llegados a este punto he de aclarar que la ansiedad por s\u00ed misma no es algo malo, sino todo lo contrario, el sistema que desata el sentimiento de ansiedad nos ha ayudado hist\u00f3ricamente a sobrevivir\u00a0<strong>reaccionando al encontrarnos ante un peligro.<\/strong>\u00a0Este sistema de defensa se activa ante un peligro inminente. Sin embargo, se convierte en una patolog\u00eda cuando este sistema se activa sin causa aparente, por situaciones cotidianas o persiste demasiado en el tiempo,\u00a0<strong>dificultando la vida diaria de quien la padece.<\/strong><\/p><p>Estos sentimientos de ansiedad y p\u00e1nico interfieren con las actividades diarias, son dif\u00edciles de controlar, son desproporcionados con respecto al peligro real y pueden persistir durante mucho tiempo. Y la soluci\u00f3n no puede ser evitar ciertos lugares o situaciones.<\/p><p><strong>Los s\u00edntomas pueden comenzar en la ni\u00f1ez o la adolescencia y continuar hasta la edad adulta.<\/strong>\u00a0Se puede manifestar como trastorno de ansiedad generalizada, trastorno de ansiedad social, fobias espec\u00edficas o trastorno de ansiedad por separaci\u00f3n e incluso varios de ellos.<\/p><p><strong>\u00bfTe gustar\u00eda liberarte de las preocupaciones constantes y volver a disfrutar de tu vida? Como psic\u00f3logo especializado en el manejo de la ansiedad, estoy aqu\u00ed para ayudarte a encontrar la paz que buscas.<\/strong><\/p>\t\t\t\t\t\t\t\t<\/div>\n\t\t\t\t<\/div>\n\t\t\t\t\t<\/div>\n\t\t<\/div>\n\t\t\t\t\t<\/div>\n\t\t<\/section>\n\t\t\t\t<section class=\"elementor-section elementor-top-section elementor-element elementor-element-2ec77dc2 elementor-section-boxed elementor-section-height-default elementor-section-height-default sc_fly_static\" data-id=\"2ec77dc2\" data-element_type=\"section\" data-e-type=\"section\">\n\t\t\t\t\t\t<div class=\"elementor-container elementor-column-gap-extended\">\n\t\t\t\t\t<div class=\"elementor-column elementor-col-100 elementor-top-column elementor-element elementor-element-30b9d571 sc_content_align_inherit sc_layouts_column_icons_position_left sc_fly_static\" data-id=\"30b9d571\" data-element_type=\"column\" data-e-type=\"column\">\n\t\t\t<div class=\"elementor-widget-wrap elementor-element-populated\">\n\t\t\t\t\t\t<div class=\"elementor-element elementor-element-4afed933 sc_fly_static elementor-widget elementor-widget-text-editor\" data-id=\"4afed933\" data-element_type=\"widget\" data-e-type=\"widget\" data-widget_type=\"text-editor.default\">\n\t\t\t\t<div class=\"elementor-widget-container\">\n\t\t\t\t\t\t\t\t\t<h2>\u00bfExiste un tratamiento para la ansiedad?<\/h2>\nJuntos podemos crear un plan personalizado que te permita comprender y gestionar tu ansiedad de manera efectiva. Da el primer paso hacia una vida m\u00e1s tranquila y plena.\n\n<br>\n<br>\n\n<a href=\"https:\/\/api.whatsapp.com\/send?phone=34638876674\"\n   style=\"background-color: #748578; color: #fff; padding: 12px 24px; text-decoration: none; border-radius: 6px; display: inline-block; font-weight: bold; transition: background-color 0.3s ease;\">\n   Pide cita\n<\/a>\n\t\t\t\t\t\t\t\t<\/div>\n\t\t\t\t<\/div>\n\t\t\t\t\t<\/div>\n\t\t<\/div>\n\t\t\t\t\t<\/div>\n\t\t<\/section>\n\t\t\t\t<\/div>\n\t\t","protected":false},"excerpt":{"rendered":"<p>Creo que tengo ansiedad, \u00bfnecesito terapia? Si has aterrizado en esta p\u00e1gina, es probable que pienses que sufres de ansiedad. Este trastorno se ha convertido en el gran protagonista de&hellip;<\/p>\n","protected":false},"author":1,"featured_media":0,"parent":0,"menu_order":0,"comment_status":"open","ping_status":"open","template":"","meta":{"footnotes":""},"class_list":["post-65679","page","type-page","status-publish","hentry"],"yoast_head":"<!-- This site is optimized with the Yoast SEO plugin v27.4 - https:\/\/yoast.com\/product\/yoast-seo-wordpress\/ -->\n<title>Psicolog\u00eda para la Ansiedad - Psicolog\u00eda de A Pie | Terapia en Valencia | Tratamiento de Adicciones | Psic\u00f3logo Valencia<\/title>\n<meta name=\"robots\" content=\"index, follow, max-snippet:-1, max-image-preview:large, max-video-preview:-1\" \/>\n<link rel=\"canonical\" href=\"https:\/\/psicologiadeapie.es\/?page_id=65679\" \/>\n<meta property=\"og:locale\" content=\"es_ES\" \/>\n<meta property=\"og:type\" content=\"article\" \/>\n<meta property=\"og:title\" content=\"Psicolog\u00eda para la Ansiedad - Psicolog\u00eda de A Pie | Terapia en Valencia | Tratamiento de Adicciones | Psic\u00f3logo Valencia\" \/>\n<meta property=\"og:description\" content=\"Creo que tengo ansiedad, \u00bfnecesito terapia? Si has aterrizado en esta p\u00e1gina, es probable que pienses que sufres de ansiedad. Este trastorno se ha convertido en el gran protagonista de&hellip;\" \/>\n<meta property=\"og:url\" content=\"https:\/\/psicologiadeapie.es\/?page_id=65679\" \/>\n<meta property=\"og:site_name\" content=\"Psicolog\u00eda de A Pie | Terapia en Valencia | Tratamiento de Adicciones | Psic\u00f3logo Valencia\" \/>\n<meta property=\"article:publisher\" content=\"https:\/\/www.facebook.com\/eva.albamartinez\" \/>\n<meta property=\"article:modified_time\" content=\"2025-06-27T09:03:07+00:00\" \/>\n<meta property=\"og:image\" content=\"https:\/\/psicologiadeapie.es\/wp-content\/uploads\/2025\/06\/Psicologia-ansiedad-min-1024x683.png\" \/>\n<meta name=\"twitter:card\" content=\"summary_large_image\" \/>\n<meta name=\"twitter:label1\" content=\"Tiempo de lectura\" \/>\n\t<meta name=\"twitter:data1\" content=\"2 minutos\" \/>\n<script type=\"application\/ld+json\" class=\"yoast-schema-graph\">{\"@context\":\"https:\\\/\\\/schema.org\",\"@graph\":[{\"@type\":\"WebPage\",\"@id\":\"https:\\\/\\\/psicologiadeapie.es\\\/?page_id=65679\",\"url\":\"https:\\\/\\\/psicologiadeapie.es\\\/?page_id=65679\",\"name\":\"Psicolog\u00eda para la Ansiedad - Psicolog\u00eda de A Pie | Terapia en Valencia | Tratamiento de Adicciones | Psic\u00f3logo Valencia\",\"isPartOf\":{\"@id\":\"https:\\\/\\\/psicologiadeapie.es\\\/#website\"},\"primaryImageOfPage\":{\"@id\":\"https:\\\/\\\/psicologiadeapie.es\\\/?page_id=65679#primaryimage\"},\"image\":{\"@id\":\"https:\\\/\\\/psicologiadeapie.es\\\/?page_id=65679#primaryimage\"},\"thumbnailUrl\":\"https:\\\/\\\/psicologiadeapie.es\\\/wp-content\\\/uploads\\\/2025\\\/06\\\/Psicologia-ansiedad-min-1024x683.png\",\"datePublished\":\"2025-05-21T21:37:56+00:00\",\"dateModified\":\"2025-06-27T09:03:07+00:00\",\"breadcrumb\":{\"@id\":\"https:\\\/\\\/psicologiadeapie.es\\\/?page_id=65679#breadcrumb\"},\"inLanguage\":\"es\",\"potentialAction\":[{\"@type\":\"ReadAction\",\"target\":[\"https:\\\/\\\/psicologiadeapie.es\\\/?page_id=65679\"]}]},{\"@type\":\"ImageObject\",\"inLanguage\":\"es\",\"@id\":\"https:\\\/\\\/psicologiadeapie.es\\\/?page_id=65679#primaryimage\",\"url\":\"https:\\\/\\\/psicologiadeapie.es\\\/wp-content\\\/uploads\\\/2025\\\/06\\\/Psicologia-ansiedad-min.png\",\"contentUrl\":\"https:\\\/\\\/psicologiadeapie.es\\\/wp-content\\\/uploads\\\/2025\\\/06\\\/Psicologia-ansiedad-min.png\",\"width\":1536,\"height\":1024},{\"@type\":\"BreadcrumbList\",\"@id\":\"https:\\\/\\\/psicologiadeapie.es\\\/?page_id=65679#breadcrumb\",\"itemListElement\":[{\"@type\":\"ListItem\",\"position\":1,\"name\":\"Portada\",\"item\":\"https:\\\/\\\/psicologiadeapie.es\\\/\"},{\"@type\":\"ListItem\",\"position\":2,\"name\":\"Psicolog\u00eda para la Ansiedad\"}]},{\"@type\":\"WebSite\",\"@id\":\"https:\\\/\\\/psicologiadeapie.es\\\/#website\",\"url\":\"https:\\\/\\\/psicologiadeapie.es\\\/\",\"name\":\"Psicolog\u00eda de A Pie | Terapia en Valencia | Tratamiento de Adicciones | Psic\u00f3logo Valencia\",\"description\":\"Psicolog\u00eda de A Pie en Valencia ofrece terapia profesional para adicciones al cannabis, coca\u00edna, alcohol, juego y sexo. Atenci\u00f3n personalizada en Avenida de los Hermanos Maristas. Contacta al +34 638 876 674 o info@psicologiadeapie.com.\",\"publisher\":{\"@id\":\"https:\\\/\\\/psicologiadeapie.es\\\/#organization\"},\"alternateName\":\"Psicolog\u00eda de A Pie\",\"potentialAction\":[{\"@type\":\"SearchAction\",\"target\":{\"@type\":\"EntryPoint\",\"urlTemplate\":\"https:\\\/\\\/psicologiadeapie.es\\\/?s={search_term_string}\"},\"query-input\":{\"@type\":\"PropertyValueSpecification\",\"valueRequired\":true,\"valueName\":\"search_term_string\"}}],\"inLanguage\":\"es\"},{\"@type\":\"Organization\",\"@id\":\"https:\\\/\\\/psicologiadeapie.es\\\/#organization\",\"name\":\"Psicolog\u00eda de A Pie | Terapia en Valencia | Tratamiento de Adicciones | Psic\u00f3logo Valencia\",\"alternateName\":\"Psicolog\u00eda de A Pie\",\"url\":\"https:\\\/\\\/psicologiadeapie.es\\\/\",\"logo\":{\"@type\":\"ImageObject\",\"inLanguage\":\"es\",\"@id\":\"https:\\\/\\\/psicologiadeapie.es\\\/#\\\/schema\\\/logo\\\/image\\\/\",\"url\":\"https:\\\/\\\/psicologiadeapie.es\\\/wp-content\\\/uploads\\\/2025\\\/05\\\/cropped-cropped-logo-png-texto-negro-2.png\",\"contentUrl\":\"https:\\\/\\\/psicologiadeapie.es\\\/wp-content\\\/uploads\\\/2025\\\/05\\\/cropped-cropped-logo-png-texto-negro-2.png\",\"width\":608,\"height\":262,\"caption\":\"Psicolog\u00eda de A Pie | Terapia en Valencia | Tratamiento de Adicciones | Psic\u00f3logo Valencia\"},\"image\":{\"@id\":\"https:\\\/\\\/psicologiadeapie.es\\\/#\\\/schema\\\/logo\\\/image\\\/\"},\"sameAs\":[\"https:\\\/\\\/www.facebook.com\\\/eva.albamartinez\"]}]}<\/script>\n<!-- \/ Yoast SEO plugin. -->","yoast_head_json":{"title":"Psicolog\u00eda para la Ansiedad - Psicolog\u00eda de A Pie | Terapia en Valencia | Tratamiento de Adicciones | Psic\u00f3logo Valencia","robots":{"index":"index","follow":"follow","max-snippet":"max-snippet:-1","max-image-preview":"max-image-preview:large","max-video-preview":"max-video-preview:-1"},"canonical":"https:\/\/psicologiadeapie.es\/?page_id=65679","og_locale":"es_ES","og_type":"article","og_title":"Psicolog\u00eda para la Ansiedad - Psicolog\u00eda de A Pie | Terapia en Valencia | Tratamiento de Adicciones | Psic\u00f3logo Valencia","og_description":"Creo que tengo ansiedad, \u00bfnecesito terapia? Si has aterrizado en esta p\u00e1gina, es probable que pienses que sufres de ansiedad. Este trastorno se ha convertido en el gran protagonista de&hellip;","og_url":"https:\/\/psicologiadeapie.es\/?page_id=65679","og_site_name":"Psicolog\u00eda de A Pie | Terapia en Valencia | Tratamiento de Adicciones | Psic\u00f3logo Valencia","article_publisher":"https:\/\/www.facebook.com\/eva.albamartinez","article_modified_time":"2025-06-27T09:03:07+00:00","og_image":[{"url":"https:\/\/psicologiadeapie.es\/wp-content\/uploads\/2025\/06\/Psicologia-ansiedad-min-1024x683.png","type":"","width":"","height":""}],"twitter_card":"summary_large_image","twitter_misc":{"Tiempo de lectura":"2 minutos"},"schema":{"@context":"https:\/\/schema.org","@graph":[{"@type":"WebPage","@id":"https:\/\/psicologiadeapie.es\/?page_id=65679","url":"https:\/\/psicologiadeapie.es\/?page_id=65679","name":"Psicolog\u00eda para la Ansiedad - Psicolog\u00eda de A Pie | Terapia en Valencia | Tratamiento de Adicciones | Psic\u00f3logo Valencia","isPartOf":{"@id":"https:\/\/psicologiadeapie.es\/#website"},"primaryImageOfPage":{"@id":"https:\/\/psicologiadeapie.es\/?page_id=65679#primaryimage"},"image":{"@id":"https:\/\/psicologiadeapie.es\/?page_id=65679#primaryimage"},"thumbnailUrl":"https:\/\/psicologiadeapie.es\/wp-content\/uploads\/2025\/06\/Psicologia-ansiedad-min-1024x683.png","datePublished":"2025-05-21T21:37:56+00:00","dateModified":"2025-06-27T09:03:07+00:00","breadcrumb":{"@id":"https:\/\/psicologiadeapie.es\/?page_id=65679#breadcrumb"},"inLanguage":"es","potentialAction":[{"@type":"ReadAction","target":["https:\/\/psicologiadeapie.es\/?page_id=65679"]}]},{"@type":"ImageObject","inLanguage":"es","@id":"https:\/\/psicologiadeapie.es\/?page_id=65679#primaryimage","url":"https:\/\/psicologiadeapie.es\/wp-content\/uploads\/2025\/06\/Psicologia-ansiedad-min.png","contentUrl":"https:\/\/psicologiadeapie.es\/wp-content\/uploads\/2025\/06\/Psicologia-ansiedad-min.png","width":1536,"height":1024},{"@type":"BreadcrumbList","@id":"https:\/\/psicologiadeapie.es\/?page_id=65679#breadcrumb","itemListElement":[{"@type":"ListItem","position":1,"name":"Portada","item":"https:\/\/psicologiadeapie.es\/"},{"@type":"ListItem","position":2,"name":"Psicolog\u00eda para la Ansiedad"}]},{"@type":"WebSite","@id":"https:\/\/psicologiadeapie.es\/#website","url":"https:\/\/psicologiadeapie.es\/","name":"Psicolog\u00eda de A Pie | Terapia en Valencia | Tratamiento de Adicciones | Psic\u00f3logo Valencia","description":"Psicolog\u00eda de A Pie en Valencia ofrece terapia profesional para adicciones al cannabis, coca\u00edna, alcohol, juego y sexo. Atenci\u00f3n personalizada en Avenida de los Hermanos Maristas. Contacta al +34 638 876 674 o info@psicologiadeapie.com.","publisher":{"@id":"https:\/\/psicologiadeapie.es\/#organization"},"alternateName":"Psicolog\u00eda de A Pie","potentialAction":[{"@type":"SearchAction","target":{"@type":"EntryPoint","urlTemplate":"https:\/\/psicologiadeapie.es\/?s={search_term_string}"},"query-input":{"@type":"PropertyValueSpecification","valueRequired":true,"valueName":"search_term_string"}}],"inLanguage":"es"},{"@type":"Organization","@id":"https:\/\/psicologiadeapie.es\/#organization","name":"Psicolog\u00eda de A Pie | Terapia en Valencia | Tratamiento de Adicciones | Psic\u00f3logo Valencia","alternateName":"Psicolog\u00eda de A Pie","url":"https:\/\/psicologiadeapie.es\/","logo":{"@type":"ImageObject","inLanguage":"es","@id":"https:\/\/psicologiadeapie.es\/#\/schema\/logo\/image\/","url":"https:\/\/psicologiadeapie.es\/wp-content\/uploads\/2025\/05\/cropped-cropped-logo-png-texto-negro-2.png","contentUrl":"https:\/\/psicologiadeapie.es\/wp-content\/uploads\/2025\/05\/cropped-cropped-logo-png-texto-negro-2.png","width":608,"height":262,"caption":"Psicolog\u00eda de A Pie | Terapia en Valencia | Tratamiento de Adicciones | Psic\u00f3logo Valencia"},"image":{"@id":"https:\/\/psicologiadeapie.es\/#\/schema\/logo\/image\/"},"sameAs":["https:\/\/www.facebook.com\/eva.albamartinez"]}]}},"_links":{"self":[{"href":"https:\/\/psicologiadeapie.es\/index.php?rest_route=\/wp\/v2\/pages\/65679","targetHints":{"allow":["GET"]}}],"collection":[{"href":"https:\/\/psicologiadeapie.es\/index.php?rest_route=\/wp\/v2\/pages"}],"about":[{"href":"https:\/\/psicologiadeapie.es\/index.php?rest_route=\/wp\/v2\/types\/page"}],"author":[{"embeddable":true,"href":"https:\/\/psicologiadeapie.es\/index.php?rest_route=\/wp\/v2\/users\/1"}],"replies":[{"embeddable":true,"href":"https:\/\/psicologiadeapie.es\/index.php?rest_route=%2Fwp%2Fv2%2Fcomments&post=65679"}],"version-history":[{"count":4,"href":"https:\/\/psicologiadeapie.es\/index.php?rest_route=\/wp\/v2\/pages\/65679\/revisions"}],"predecessor-version":[{"id":66306,"href":"https:\/\/psicologiadeapie.es\/index.php?rest_route=\/wp\/v2\/pages\/65679\/revisions\/66306"}],"wp:attachment":[{"href":"https:\/\/psicologiadeapie.es\/index.php?rest_route=%2Fwp%2Fv2%2Fmedia&parent=65679"}],"curies":[{"name":"wp","href":"https:\/\/api.w.org\/{rel}","templated":true}]}}