{"id":65678,"date":"2025-05-21T21:37:56","date_gmt":"2025-05-21T21:37:56","guid":{"rendered":"https:\/\/psicologiadeapie.com\/psicologos-y-terapeutas-en-valencia-2\/"},"modified":"2025-06-27T09:17:05","modified_gmt":"2025-06-27T09:17:05","slug":"psicologos-y-terapeutas-en-valencia-2","status":"publish","type":"page","link":"https:\/\/psicologiadeapie.es\/?page_id=65678","title":{"rendered":"Psic\u00f3logos y Terapeutas en Valencia"},"content":{"rendered":"\n<h2 class=\"wp-block-heading\">Razones por las que hacer terapia\u200b<\/h2>\n\n\n\n<p>&nbsp;<\/p>\n\n\n\n<figure class=\"wp-block-image size-full\"><img fetchpriority=\"high\" decoding=\"async\" width=\"1024\" height=\"1024\" src=\"https:\/\/psicologiadeapie.es\/wp-content\/uploads\/2025\/06\/foto-alta-resolucion-min.png\" alt=\"\" class=\"wp-image-66314\" srcset=\"https:\/\/psicologiadeapie.es\/wp-content\/uploads\/2025\/06\/foto-alta-resolucion-min.png 1024w, https:\/\/psicologiadeapie.es\/wp-content\/uploads\/2025\/06\/foto-alta-resolucion-min-300x300.png 300w, https:\/\/psicologiadeapie.es\/wp-content\/uploads\/2025\/06\/foto-alta-resolucion-min-150x150.png 150w, https:\/\/psicologiadeapie.es\/wp-content\/uploads\/2025\/06\/foto-alta-resolucion-min-768x768.png 768w, https:\/\/psicologiadeapie.es\/wp-content\/uploads\/2025\/06\/foto-alta-resolucion-min-370x370.png 370w, https:\/\/psicologiadeapie.es\/wp-content\/uploads\/2025\/06\/foto-alta-resolucion-min-120x120.png 120w, https:\/\/psicologiadeapie.es\/wp-content\/uploads\/2025\/06\/foto-alta-resolucion-min-840x840.png 840w, https:\/\/psicologiadeapie.es\/wp-content\/uploads\/2025\/06\/foto-alta-resolucion-min-410x410.png 410w, https:\/\/psicologiadeapie.es\/wp-content\/uploads\/2025\/06\/foto-alta-resolucion-min-630x630.png 630w, https:\/\/psicologiadeapie.es\/wp-content\/uploads\/2025\/06\/foto-alta-resolucion-min-600x600.png 600w\" sizes=\"(max-width: 1024px) 100vw, 1024px\" \/><\/figure>\n\n\n\n<p><strong>Conocerte a ti mismo te hace m\u00e1s libre.<\/strong><\/p>\n\n\n\n<ul class=\"wp-block-list\">\n<li>Dependencia emocional<\/li>\n\n\n\n<li>Baja autoestima<\/li>\n\n\n\n<li>Miedos, fobias, complejos<\/li>\n\n\n\n<li>Conducta obsesiva<\/li>\n\n\n\n<li>Depresi\u00f3n<\/li>\n\n\n\n<li>Estr\u00e9s y ansiedad<\/li>\n\n\n\n<li>Cuida tu salud<\/li>\n<\/ul>\n\n\n\n<p>La terapia es un espacio para el autodescubrimiento, el alivio emocional y el crecimiento personal. No necesitas esperar a estar en crisis para buscar ayuda profesional; la terapia puede ayudarte a transformar tu vida en m\u00faltiples niveles.<\/p>\n\n\n\n<ul class=\"wp-block-list\">\n<li>El estr\u00e9s y la ansiedad se han convertido en problemas cotidianos para muchas personas. Tal vez est\u00e9s intentando manejar demasiadas responsabilidades a la vez, lidiando con la presi\u00f3n del trabajo, los estudios o tus relaciones personales. En terapia, no solo identificas qu\u00e9 te est\u00e1 generando ansiedad, sino que aprendes t\u00e9cnicas para reducirla.<\/li>\n\n\n\n<li>\u00bfTe encuentras constantemente dudando de ti mismo? \u00bfSientes que no eres lo suficientemente bueno? La terapia puede ayudarte a identificar las ra\u00edces de esa inseguridad, muchas veces ligadas a experiencias pasadas, comparaciones constantes o creencias limitantes.<\/li>\n\n\n\n<li>Todos llevamos cicatrices emocionales. Ya sea un trauma infantil, una relaci\u00f3n t\u00f3xica o un evento doloroso reciente, estas experiencias pueden quedarse contigo mucho tiempo si no las procesas adecuadamente.<\/li>\n<\/ul>\n\n\n\n<p>\u00bfQuieres recibir atenci\u00f3n personalizada?<\/p>\n\n\n\n<a href=\"https:\/\/api.whatsapp.com\/send?phone=34638876674\"\n   style=\"background-color: #748578; color: #fff; padding: 12px 24px; text-decoration: none; border-radius: 6px; display: inline-block; font-weight: bold; transition: background-color 0.3s ease;\">\n   Pide cita\n<\/a>\n","protected":false},"excerpt":{"rendered":"<p>Razones por las que hacer terapia\u200b &nbsp; Conocerte a ti mismo te hace m\u00e1s libre. La terapia es un espacio para el autodescubrimiento, el alivio emocional y el crecimiento personal.&hellip;<\/p>\n","protected":false},"author":1,"featured_media":0,"parent":0,"menu_order":0,"comment_status":"open","ping_status":"open","template":"","meta":{"footnotes":""},"class_list":["post-65678","page","type-page","status-publish","hentry"],"yoast_head":"<!-- This site is optimized with the Yoast SEO plugin v27.4 - https:\/\/yoast.com\/product\/yoast-seo-wordpress\/ -->\n<title>Psic\u00f3logos y Terapeutas en Valencia - Psicolog\u00eda de A Pie | Terapia en Valencia | Tratamiento de Adicciones | Psic\u00f3logo Valencia<\/title>\n<meta name=\"robots\" content=\"index, follow, max-snippet:-1, max-image-preview:large, max-video-preview:-1\" \/>\n<link rel=\"canonical\" href=\"https:\/\/psicologiadeapie.es\/?page_id=65678\" \/>\n<meta property=\"og:locale\" content=\"es_ES\" \/>\n<meta property=\"og:type\" content=\"article\" \/>\n<meta property=\"og:title\" content=\"Psic\u00f3logos y Terapeutas en Valencia - Psicolog\u00eda de A Pie | Terapia en Valencia | Tratamiento de Adicciones | Psic\u00f3logo Valencia\" \/>\n<meta property=\"og:description\" content=\"Razones por las que hacer terapia\u200b &nbsp; Conocerte a ti mismo te hace m\u00e1s libre. La terapia es un espacio para el autodescubrimiento, el alivio emocional y el crecimiento personal.&hellip;\" \/>\n<meta property=\"og:url\" content=\"https:\/\/psicologiadeapie.es\/?page_id=65678\" \/>\n<meta property=\"og:site_name\" content=\"Psicolog\u00eda de A Pie | Terapia en Valencia | Tratamiento de Adicciones | Psic\u00f3logo Valencia\" \/>\n<meta property=\"article:publisher\" content=\"https:\/\/www.facebook.com\/eva.albamartinez\" \/>\n<meta property=\"article:modified_time\" content=\"2025-06-27T09:17:05+00:00\" \/>\n<meta property=\"og:image\" content=\"https:\/\/psicologiadeapie.es\/wp-content\/uploads\/2025\/06\/foto-alta-resolucion-min.png\" \/>\n<meta name=\"twitter:card\" content=\"summary_large_image\" \/>\n<meta name=\"twitter:label1\" content=\"Tiempo de lectura\" \/>\n\t<meta name=\"twitter:data1\" content=\"1 minuto\" \/>\n<script type=\"application\/ld+json\" class=\"yoast-schema-graph\">{\"@context\":\"https:\\\/\\\/schema.org\",\"@graph\":[{\"@type\":\"WebPage\",\"@id\":\"https:\\\/\\\/psicologiadeapie.es\\\/?page_id=65678\",\"url\":\"https:\\\/\\\/psicologiadeapie.es\\\/?page_id=65678\",\"name\":\"Psic\u00f3logos y Terapeutas en Valencia - Psicolog\u00eda de A Pie | Terapia en Valencia | Tratamiento de Adicciones | Psic\u00f3logo Valencia\",\"isPartOf\":{\"@id\":\"https:\\\/\\\/psicologiadeapie.es\\\/#website\"},\"primaryImageOfPage\":{\"@id\":\"https:\\\/\\\/psicologiadeapie.es\\\/?page_id=65678#primaryimage\"},\"image\":{\"@id\":\"https:\\\/\\\/psicologiadeapie.es\\\/?page_id=65678#primaryimage\"},\"thumbnailUrl\":\"https:\\\/\\\/psicologiadeapie.es\\\/wp-content\\\/uploads\\\/2025\\\/06\\\/foto-alta-resolucion-min.png\",\"datePublished\":\"2025-05-21T21:37:56+00:00\",\"dateModified\":\"2025-06-27T09:17:05+00:00\",\"breadcrumb\":{\"@id\":\"https:\\\/\\\/psicologiadeapie.es\\\/?page_id=65678#breadcrumb\"},\"inLanguage\":\"es\",\"potentialAction\":[{\"@type\":\"ReadAction\",\"target\":[\"https:\\\/\\\/psicologiadeapie.es\\\/?page_id=65678\"]}]},{\"@type\":\"ImageObject\",\"inLanguage\":\"es\",\"@id\":\"https:\\\/\\\/psicologiadeapie.es\\\/?page_id=65678#primaryimage\",\"url\":\"https:\\\/\\\/psicologiadeapie.es\\\/wp-content\\\/uploads\\\/2025\\\/06\\\/foto-alta-resolucion-min.png\",\"contentUrl\":\"https:\\\/\\\/psicologiadeapie.es\\\/wp-content\\\/uploads\\\/2025\\\/06\\\/foto-alta-resolucion-min.png\",\"width\":1024,\"height\":1024},{\"@type\":\"BreadcrumbList\",\"@id\":\"https:\\\/\\\/psicologiadeapie.es\\\/?page_id=65678#breadcrumb\",\"itemListElement\":[{\"@type\":\"ListItem\",\"position\":1,\"name\":\"Portada\",\"item\":\"https:\\\/\\\/psicologiadeapie.es\\\/\"},{\"@type\":\"ListItem\",\"position\":2,\"name\":\"Psic\u00f3logos y Terapeutas en Valencia\"}]},{\"@type\":\"WebSite\",\"@id\":\"https:\\\/\\\/psicologiadeapie.es\\\/#website\",\"url\":\"https:\\\/\\\/psicologiadeapie.es\\\/\",\"name\":\"Psicolog\u00eda de A Pie | Terapia en Valencia | Tratamiento de Adicciones | Psic\u00f3logo Valencia\",\"description\":\"Psicolog\u00eda de A Pie en Valencia ofrece terapia profesional para adicciones al cannabis, coca\u00edna, alcohol, juego y sexo. Atenci\u00f3n personalizada en Avenida de los Hermanos Maristas. Contacta al +34 638 876 674 o info@psicologiadeapie.com.\",\"publisher\":{\"@id\":\"https:\\\/\\\/psicologiadeapie.es\\\/#organization\"},\"alternateName\":\"Psicolog\u00eda de A Pie\",\"potentialAction\":[{\"@type\":\"SearchAction\",\"target\":{\"@type\":\"EntryPoint\",\"urlTemplate\":\"https:\\\/\\\/psicologiadeapie.es\\\/?s={search_term_string}\"},\"query-input\":{\"@type\":\"PropertyValueSpecification\",\"valueRequired\":true,\"valueName\":\"search_term_string\"}}],\"inLanguage\":\"es\"},{\"@type\":\"Organization\",\"@id\":\"https:\\\/\\\/psicologiadeapie.es\\\/#organization\",\"name\":\"Psicolog\u00eda de A Pie | Terapia en Valencia | Tratamiento de Adicciones | Psic\u00f3logo Valencia\",\"alternateName\":\"Psicolog\u00eda de A Pie\",\"url\":\"https:\\\/\\\/psicologiadeapie.es\\\/\",\"logo\":{\"@type\":\"ImageObject\",\"inLanguage\":\"es\",\"@id\":\"https:\\\/\\\/psicologiadeapie.es\\\/#\\\/schema\\\/logo\\\/image\\\/\",\"url\":\"https:\\\/\\\/psicologiadeapie.es\\\/wp-content\\\/uploads\\\/2025\\\/05\\\/cropped-cropped-logo-png-texto-negro-2.png\",\"contentUrl\":\"https:\\\/\\\/psicologiadeapie.es\\\/wp-content\\\/uploads\\\/2025\\\/05\\\/cropped-cropped-logo-png-texto-negro-2.png\",\"width\":608,\"height\":262,\"caption\":\"Psicolog\u00eda de A Pie | Terapia en Valencia | Tratamiento de Adicciones | Psic\u00f3logo Valencia\"},\"image\":{\"@id\":\"https:\\\/\\\/psicologiadeapie.es\\\/#\\\/schema\\\/logo\\\/image\\\/\"},\"sameAs\":[\"https:\\\/\\\/www.facebook.com\\\/eva.albamartinez\"]}]}<\/script>\n<!-- \/ Yoast SEO plugin. -->","yoast_head_json":{"title":"Psic\u00f3logos y Terapeutas en Valencia - Psicolog\u00eda de A Pie | Terapia en Valencia | Tratamiento de Adicciones | Psic\u00f3logo Valencia","robots":{"index":"index","follow":"follow","max-snippet":"max-snippet:-1","max-image-preview":"max-image-preview:large","max-video-preview":"max-video-preview:-1"},"canonical":"https:\/\/psicologiadeapie.es\/?page_id=65678","og_locale":"es_ES","og_type":"article","og_title":"Psic\u00f3logos y Terapeutas en Valencia - Psicolog\u00eda de A Pie | Terapia en Valencia | Tratamiento de Adicciones | Psic\u00f3logo Valencia","og_description":"Razones por las que hacer terapia\u200b &nbsp; Conocerte a ti mismo te hace m\u00e1s libre. La terapia es un espacio para el autodescubrimiento, el alivio emocional y el crecimiento personal.&hellip;","og_url":"https:\/\/psicologiadeapie.es\/?page_id=65678","og_site_name":"Psicolog\u00eda de A Pie | Terapia en Valencia | Tratamiento de Adicciones | Psic\u00f3logo Valencia","article_publisher":"https:\/\/www.facebook.com\/eva.albamartinez","article_modified_time":"2025-06-27T09:17:05+00:00","og_image":[{"url":"https:\/\/psicologiadeapie.es\/wp-content\/uploads\/2025\/06\/foto-alta-resolucion-min.png","type":"","width":"","height":""}],"twitter_card":"summary_large_image","twitter_misc":{"Tiempo de lectura":"1 minuto"},"schema":{"@context":"https:\/\/schema.org","@graph":[{"@type":"WebPage","@id":"https:\/\/psicologiadeapie.es\/?page_id=65678","url":"https:\/\/psicologiadeapie.es\/?page_id=65678","name":"Psic\u00f3logos y Terapeutas en Valencia - Psicolog\u00eda de A Pie | Terapia en Valencia | Tratamiento de Adicciones | Psic\u00f3logo Valencia","isPartOf":{"@id":"https:\/\/psicologiadeapie.es\/#website"},"primaryImageOfPage":{"@id":"https:\/\/psicologiadeapie.es\/?page_id=65678#primaryimage"},"image":{"@id":"https:\/\/psicologiadeapie.es\/?page_id=65678#primaryimage"},"thumbnailUrl":"https:\/\/psicologiadeapie.es\/wp-content\/uploads\/2025\/06\/foto-alta-resolucion-min.png","datePublished":"2025-05-21T21:37:56+00:00","dateModified":"2025-06-27T09:17:05+00:00","breadcrumb":{"@id":"https:\/\/psicologiadeapie.es\/?page_id=65678#breadcrumb"},"inLanguage":"es","potentialAction":[{"@type":"ReadAction","target":["https:\/\/psicologiadeapie.es\/?page_id=65678"]}]},{"@type":"ImageObject","inLanguage":"es","@id":"https:\/\/psicologiadeapie.es\/?page_id=65678#primaryimage","url":"https:\/\/psicologiadeapie.es\/wp-content\/uploads\/2025\/06\/foto-alta-resolucion-min.png","contentUrl":"https:\/\/psicologiadeapie.es\/wp-content\/uploads\/2025\/06\/foto-alta-resolucion-min.png","width":1024,"height":1024},{"@type":"BreadcrumbList","@id":"https:\/\/psicologiadeapie.es\/?page_id=65678#breadcrumb","itemListElement":[{"@type":"ListItem","position":1,"name":"Portada","item":"https:\/\/psicologiadeapie.es\/"},{"@type":"ListItem","position":2,"name":"Psic\u00f3logos y Terapeutas en Valencia"}]},{"@type":"WebSite","@id":"https:\/\/psicologiadeapie.es\/#website","url":"https:\/\/psicologiadeapie.es\/","name":"Psicolog\u00eda de A Pie | Terapia en Valencia | Tratamiento de Adicciones | Psic\u00f3logo Valencia","description":"Psicolog\u00eda de A Pie en Valencia ofrece terapia profesional para adicciones al cannabis, coca\u00edna, alcohol, juego y sexo. Atenci\u00f3n personalizada en Avenida de los Hermanos Maristas. Contacta al +34 638 876 674 o info@psicologiadeapie.com.","publisher":{"@id":"https:\/\/psicologiadeapie.es\/#organization"},"alternateName":"Psicolog\u00eda de A Pie","potentialAction":[{"@type":"SearchAction","target":{"@type":"EntryPoint","urlTemplate":"https:\/\/psicologiadeapie.es\/?s={search_term_string}"},"query-input":{"@type":"PropertyValueSpecification","valueRequired":true,"valueName":"search_term_string"}}],"inLanguage":"es"},{"@type":"Organization","@id":"https:\/\/psicologiadeapie.es\/#organization","name":"Psicolog\u00eda de A Pie | Terapia en Valencia | Tratamiento de Adicciones | Psic\u00f3logo Valencia","alternateName":"Psicolog\u00eda de A Pie","url":"https:\/\/psicologiadeapie.es\/","logo":{"@type":"ImageObject","inLanguage":"es","@id":"https:\/\/psicologiadeapie.es\/#\/schema\/logo\/image\/","url":"https:\/\/psicologiadeapie.es\/wp-content\/uploads\/2025\/05\/cropped-cropped-logo-png-texto-negro-2.png","contentUrl":"https:\/\/psicologiadeapie.es\/wp-content\/uploads\/2025\/05\/cropped-cropped-logo-png-texto-negro-2.png","width":608,"height":262,"caption":"Psicolog\u00eda de A Pie | Terapia en Valencia | Tratamiento de Adicciones | Psic\u00f3logo Valencia"},"image":{"@id":"https:\/\/psicologiadeapie.es\/#\/schema\/logo\/image\/"},"sameAs":["https:\/\/www.facebook.com\/eva.albamartinez"]}]}},"_links":{"self":[{"href":"https:\/\/psicologiadeapie.es\/index.php?rest_route=\/wp\/v2\/pages\/65678","targetHints":{"allow":["GET"]}}],"collection":[{"href":"https:\/\/psicologiadeapie.es\/index.php?rest_route=\/wp\/v2\/pages"}],"about":[{"href":"https:\/\/psicologiadeapie.es\/index.php?rest_route=\/wp\/v2\/types\/page"}],"author":[{"embeddable":true,"href":"https:\/\/psicologiadeapie.es\/index.php?rest_route=\/wp\/v2\/users\/1"}],"replies":[{"embeddable":true,"href":"https:\/\/psicologiadeapie.es\/index.php?rest_route=%2Fwp%2Fv2%2Fcomments&post=65678"}],"version-history":[{"count":1,"href":"https:\/\/psicologiadeapie.es\/index.php?rest_route=\/wp\/v2\/pages\/65678\/revisions"}],"predecessor-version":[{"id":66315,"href":"https:\/\/psicologiadeapie.es\/index.php?rest_route=\/wp\/v2\/pages\/65678\/revisions\/66315"}],"wp:attachment":[{"href":"https:\/\/psicologiadeapie.es\/index.php?rest_route=%2Fwp%2Fv2%2Fmedia&parent=65678"}],"curies":[{"name":"wp","href":"https:\/\/api.w.org\/{rel}","templated":true}]}}