{"id":65671,"date":"2025-05-21T21:37:56","date_gmt":"2025-05-21T21:37:56","guid":{"rendered":"https:\/\/psicologiadeapie.com\/contacto\/"},"modified":"2025-05-21T21:37:56","modified_gmt":"2025-05-21T21:37:56","slug":"contacto","status":"publish","type":"page","link":"https:\/\/psicologiadeapie.es\/?page_id=65671","title":{"rendered":"Contacto"},"content":{"rendered":"<p>Cont\u00e1ctanos<\/p>\n<h1\n\t\t\t>\u00bfQu\u00e9 te preocupa en este momento? <\/h1>\n<p>Escr\u00edbenos para que podamos ayudarte<\/p>\n<p>\t\t\tAvenida de los Hermanos Maristas, 28<a href=\"tel:34638876674\"><br \/>\n                        +34 638 87 66 74<br \/>\n                        <\/a><a href=\"tel:34638876674\"\n                       ><br \/>\n                        <\/a>Lunes a S\u00e1bado: de 9 h a 20 h<!-- \/.sc_icons -->\t\t<\/p>\n<p role=\"status\" aria-live=\"polite\" aria-atomic=\"true\">\n<ul><\/ul>\n<form action=\"\/wp-admin\/admin-ajax.php#wpcf7-f5-o3\" method=\"post\" aria-label=\"Contact form\" novalidate=\"novalidate\" data-status=\"init\">\n<input type=\"hidden\" name=\"_wpcf7\" value=\"5\" \/><br \/>\n<input type=\"hidden\" name=\"_wpcf7_version\" value=\"6.0.1\" \/><br \/>\n<input type=\"hidden\" name=\"_wpcf7_locale\" value=\"en_US\" \/><br \/>\n<input type=\"hidden\" name=\"_wpcf7_unit_tag\" value=\"wpcf7-f5-o3\" \/><br \/>\n<input type=\"hidden\" name=\"_wpcf7_container_post\" value=\"0\" \/><br \/>\n<input type=\"hidden\" name=\"_wpcf7_posted_data_hash\" value=\"\" \/><\/p>\n<p><input size=\"40\" maxlength=\"400\" aria-required=\"true\" aria-invalid=\"false\" placeholder=\"Name\" value=\"\" type=\"text\" name=\"your-name\" \/>\n\t\t\t<\/p>\n<p><input size=\"40\" maxlength=\"400\" aria-required=\"true\" aria-invalid=\"false\" placeholder=\"Email Address\" value=\"\" type=\"email\" name=\"your-email\" \/>\n\t\t\t<\/p>\n<p><input size=\"40\" maxlength=\"400\" aria-required=\"true\" aria-invalid=\"false\" placeholder=\"Phone\" value=\"\" type=\"tel\" name=\"phone\" \/>\n\t\t\t<\/p>\n<p><input size=\"40\" maxlength=\"400\" aria-required=\"true\" aria-invalid=\"false\" placeholder=\"Subject\" value=\"\" type=\"text\" name=\"subject\" \/>\n\t\t\t<\/p>\n<p><textarea cols=\"40\" rows=\"10\" maxlength=\"2000\" aria-required=\"true\" aria-invalid=\"false\" placeholder=\"How can we help you? Feel free to get in touch!\" name=\"your-message\"><\/textarea>\n\t\t\t<\/p>\n<p><input type=\"submit\" value=\"Get in Touch\" \/><label><input type=\"checkbox\" name=\"acceptance\" value=\"1\" aria-invalid=\"false\" \/>I agree that my data is <a href=\"\/privacy-policy\/\">collected<\/a>.<\/label>\n\t<\/p>\n<\/form>\n<p>\t\t\t<iframe\n\t\t\t\t\t\tsrc=\"https:\/\/maps.google.com\/maps?t=m&#038;output=embed&#038;iwloc=near&#038;z=18&#038;q=Avenida+de+los+Hermanos+Maristas%2C+28+Valencia\"\n\t\t\t\t\t\taria-label=\"\"><\/iframe><\/p>\n<style type=\"text\/css\">.trx_addons_inline_699417677{width:100%;height:590px;}<\/style>\n","protected":false},"excerpt":{"rendered":"<p>Cont\u00e1ctanos \u00bfQu\u00e9 te preocupa en este momento? Escr\u00edbenos para que podamos ayudarte Avenida de los Hermanos Maristas, 28 +34 638 87 66 74 Lunes a S\u00e1bado: de 9 h a&hellip;<\/p>\n","protected":false},"author":1,"featured_media":0,"parent":0,"menu_order":0,"comment_status":"open","ping_status":"open","template":"","meta":{"footnotes":""},"class_list":["post-65671","page","type-page","status-publish","hentry"],"yoast_head":"<!-- This site is optimized with the Yoast SEO plugin v27.4 - https:\/\/yoast.com\/product\/yoast-seo-wordpress\/ -->\n<title>Contacto - Psicolog\u00eda de A Pie | Terapia en Valencia | Tratamiento de Adicciones | Psic\u00f3logo Valencia<\/title>\n<meta name=\"robots\" content=\"index, follow, max-snippet:-1, max-image-preview:large, max-video-preview:-1\" \/>\n<link rel=\"canonical\" href=\"https:\/\/psicologiadeapie.es\/?page_id=65671\" \/>\n<meta property=\"og:locale\" content=\"es_ES\" \/>\n<meta property=\"og:type\" content=\"article\" \/>\n<meta property=\"og:title\" content=\"Contacto - Psicolog\u00eda de A Pie | Terapia en Valencia | Tratamiento de Adicciones | Psic\u00f3logo Valencia\" \/>\n<meta property=\"og:description\" content=\"Cont\u00e1ctanos \u00bfQu\u00e9 te preocupa en este momento? Escr\u00edbenos para que podamos ayudarte Avenida de los Hermanos Maristas, 28 +34 638 87 66 74 Lunes a S\u00e1bado: de 9 h a&hellip;\" \/>\n<meta property=\"og:url\" content=\"https:\/\/psicologiadeapie.es\/?page_id=65671\" \/>\n<meta property=\"og:site_name\" content=\"Psicolog\u00eda de A Pie | Terapia en Valencia | Tratamiento de Adicciones | Psic\u00f3logo Valencia\" \/>\n<meta property=\"article:publisher\" content=\"https:\/\/www.facebook.com\/eva.albamartinez\" \/>\n<meta property=\"og:image\" content=\"https:\/\/psicologiadeapie.es\/wp-content\/uploads\/2025\/06\/terapia-familia.jpg\" \/>\n\t<meta property=\"og:image:width\" content=\"512\" \/>\n\t<meta property=\"og:image:height\" content=\"512\" \/>\n\t<meta property=\"og:image:type\" content=\"image\/jpeg\" \/>\n<meta name=\"twitter:card\" content=\"summary_large_image\" \/>\n<script type=\"application\/ld+json\" class=\"yoast-schema-graph\">{\"@context\":\"https:\\\/\\\/schema.org\",\"@graph\":[{\"@type\":\"WebPage\",\"@id\":\"https:\\\/\\\/psicologiadeapie.es\\\/?page_id=65671\",\"url\":\"https:\\\/\\\/psicologiadeapie.es\\\/?page_id=65671\",\"name\":\"Contacto - Psicolog\u00eda de A Pie | Terapia en Valencia | Tratamiento de Adicciones | Psic\u00f3logo Valencia\",\"isPartOf\":{\"@id\":\"https:\\\/\\\/psicologiadeapie.es\\\/#website\"},\"datePublished\":\"2025-05-21T21:37:56+00:00\",\"breadcrumb\":{\"@id\":\"https:\\\/\\\/psicologiadeapie.es\\\/?page_id=65671#breadcrumb\"},\"inLanguage\":\"es\",\"potentialAction\":[{\"@type\":\"ReadAction\",\"target\":[\"https:\\\/\\\/psicologiadeapie.es\\\/?page_id=65671\"]}]},{\"@type\":\"BreadcrumbList\",\"@id\":\"https:\\\/\\\/psicologiadeapie.es\\\/?page_id=65671#breadcrumb\",\"itemListElement\":[{\"@type\":\"ListItem\",\"position\":1,\"name\":\"Portada\",\"item\":\"https:\\\/\\\/psicologiadeapie.es\\\/\"},{\"@type\":\"ListItem\",\"position\":2,\"name\":\"Contacto\"}]},{\"@type\":\"WebSite\",\"@id\":\"https:\\\/\\\/psicologiadeapie.es\\\/#website\",\"url\":\"https:\\\/\\\/psicologiadeapie.es\\\/\",\"name\":\"Psicolog\u00eda de A Pie | Terapia en Valencia | Tratamiento de Adicciones | Psic\u00f3logo Valencia\",\"description\":\"Psicolog\u00eda de A Pie en Valencia ofrece terapia profesional para adicciones al cannabis, coca\u00edna, alcohol, juego y sexo. Atenci\u00f3n personalizada en Avenida de los Hermanos Maristas. Contacta al +34 638 876 674 o info@psicologiadeapie.com.\",\"publisher\":{\"@id\":\"https:\\\/\\\/psicologiadeapie.es\\\/#organization\"},\"alternateName\":\"Psicolog\u00eda de A Pie\",\"potentialAction\":[{\"@type\":\"SearchAction\",\"target\":{\"@type\":\"EntryPoint\",\"urlTemplate\":\"https:\\\/\\\/psicologiadeapie.es\\\/?s={search_term_string}\"},\"query-input\":{\"@type\":\"PropertyValueSpecification\",\"valueRequired\":true,\"valueName\":\"search_term_string\"}}],\"inLanguage\":\"es\"},{\"@type\":\"Organization\",\"@id\":\"https:\\\/\\\/psicologiadeapie.es\\\/#organization\",\"name\":\"Psicolog\u00eda de A Pie | Terapia en Valencia | Tratamiento de Adicciones | Psic\u00f3logo Valencia\",\"alternateName\":\"Psicolog\u00eda de A Pie\",\"url\":\"https:\\\/\\\/psicologiadeapie.es\\\/\",\"logo\":{\"@type\":\"ImageObject\",\"inLanguage\":\"es\",\"@id\":\"https:\\\/\\\/psicologiadeapie.es\\\/#\\\/schema\\\/logo\\\/image\\\/\",\"url\":\"https:\\\/\\\/psicologiadeapie.es\\\/wp-content\\\/uploads\\\/2025\\\/05\\\/cropped-cropped-logo-png-texto-negro-2.png\",\"contentUrl\":\"https:\\\/\\\/psicologiadeapie.es\\\/wp-content\\\/uploads\\\/2025\\\/05\\\/cropped-cropped-logo-png-texto-negro-2.png\",\"width\":608,\"height\":262,\"caption\":\"Psicolog\u00eda de A Pie | Terapia en Valencia | Tratamiento de Adicciones | Psic\u00f3logo Valencia\"},\"image\":{\"@id\":\"https:\\\/\\\/psicologiadeapie.es\\\/#\\\/schema\\\/logo\\\/image\\\/\"},\"sameAs\":[\"https:\\\/\\\/www.facebook.com\\\/eva.albamartinez\"]}]}<\/script>\n<!-- \/ Yoast SEO plugin. -->","yoast_head_json":{"title":"Contacto - Psicolog\u00eda de A Pie | Terapia en Valencia | Tratamiento de Adicciones | Psic\u00f3logo Valencia","robots":{"index":"index","follow":"follow","max-snippet":"max-snippet:-1","max-image-preview":"max-image-preview:large","max-video-preview":"max-video-preview:-1"},"canonical":"https:\/\/psicologiadeapie.es\/?page_id=65671","og_locale":"es_ES","og_type":"article","og_title":"Contacto - Psicolog\u00eda de A Pie | Terapia en Valencia | Tratamiento de Adicciones | Psic\u00f3logo Valencia","og_description":"Cont\u00e1ctanos \u00bfQu\u00e9 te preocupa en este momento? Escr\u00edbenos para que podamos ayudarte Avenida de los Hermanos Maristas, 28 +34 638 87 66 74 Lunes a S\u00e1bado: de 9 h a&hellip;","og_url":"https:\/\/psicologiadeapie.es\/?page_id=65671","og_site_name":"Psicolog\u00eda de A Pie | Terapia en Valencia | Tratamiento de Adicciones | Psic\u00f3logo Valencia","article_publisher":"https:\/\/www.facebook.com\/eva.albamartinez","og_image":[{"width":512,"height":512,"url":"https:\/\/psicologiadeapie.es\/wp-content\/uploads\/2025\/06\/terapia-familia.jpg","type":"image\/jpeg"}],"twitter_card":"summary_large_image","schema":{"@context":"https:\/\/schema.org","@graph":[{"@type":"WebPage","@id":"https:\/\/psicologiadeapie.es\/?page_id=65671","url":"https:\/\/psicologiadeapie.es\/?page_id=65671","name":"Contacto - Psicolog\u00eda de A Pie | Terapia en Valencia | Tratamiento de Adicciones | Psic\u00f3logo Valencia","isPartOf":{"@id":"https:\/\/psicologiadeapie.es\/#website"},"datePublished":"2025-05-21T21:37:56+00:00","breadcrumb":{"@id":"https:\/\/psicologiadeapie.es\/?page_id=65671#breadcrumb"},"inLanguage":"es","potentialAction":[{"@type":"ReadAction","target":["https:\/\/psicologiadeapie.es\/?page_id=65671"]}]},{"@type":"BreadcrumbList","@id":"https:\/\/psicologiadeapie.es\/?page_id=65671#breadcrumb","itemListElement":[{"@type":"ListItem","position":1,"name":"Portada","item":"https:\/\/psicologiadeapie.es\/"},{"@type":"ListItem","position":2,"name":"Contacto"}]},{"@type":"WebSite","@id":"https:\/\/psicologiadeapie.es\/#website","url":"https:\/\/psicologiadeapie.es\/","name":"Psicolog\u00eda de A Pie | Terapia en Valencia | Tratamiento de Adicciones | Psic\u00f3logo Valencia","description":"Psicolog\u00eda de A Pie en Valencia ofrece terapia profesional para adicciones al cannabis, coca\u00edna, alcohol, juego y sexo. Atenci\u00f3n personalizada en Avenida de los Hermanos Maristas. Contacta al +34 638 876 674 o info@psicologiadeapie.com.","publisher":{"@id":"https:\/\/psicologiadeapie.es\/#organization"},"alternateName":"Psicolog\u00eda de A Pie","potentialAction":[{"@type":"SearchAction","target":{"@type":"EntryPoint","urlTemplate":"https:\/\/psicologiadeapie.es\/?s={search_term_string}"},"query-input":{"@type":"PropertyValueSpecification","valueRequired":true,"valueName":"search_term_string"}}],"inLanguage":"es"},{"@type":"Organization","@id":"https:\/\/psicologiadeapie.es\/#organization","name":"Psicolog\u00eda de A Pie | Terapia en Valencia | Tratamiento de Adicciones | Psic\u00f3logo Valencia","alternateName":"Psicolog\u00eda de A Pie","url":"https:\/\/psicologiadeapie.es\/","logo":{"@type":"ImageObject","inLanguage":"es","@id":"https:\/\/psicologiadeapie.es\/#\/schema\/logo\/image\/","url":"https:\/\/psicologiadeapie.es\/wp-content\/uploads\/2025\/05\/cropped-cropped-logo-png-texto-negro-2.png","contentUrl":"https:\/\/psicologiadeapie.es\/wp-content\/uploads\/2025\/05\/cropped-cropped-logo-png-texto-negro-2.png","width":608,"height":262,"caption":"Psicolog\u00eda de A Pie | Terapia en Valencia | Tratamiento de Adicciones | Psic\u00f3logo Valencia"},"image":{"@id":"https:\/\/psicologiadeapie.es\/#\/schema\/logo\/image\/"},"sameAs":["https:\/\/www.facebook.com\/eva.albamartinez"]}]}},"_links":{"self":[{"href":"https:\/\/psicologiadeapie.es\/index.php?rest_route=\/wp\/v2\/pages\/65671","targetHints":{"allow":["GET"]}}],"collection":[{"href":"https:\/\/psicologiadeapie.es\/index.php?rest_route=\/wp\/v2\/pages"}],"about":[{"href":"https:\/\/psicologiadeapie.es\/index.php?rest_route=\/wp\/v2\/types\/page"}],"author":[{"embeddable":true,"href":"https:\/\/psicologiadeapie.es\/index.php?rest_route=\/wp\/v2\/users\/1"}],"replies":[{"embeddable":true,"href":"https:\/\/psicologiadeapie.es\/index.php?rest_route=%2Fwp%2Fv2%2Fcomments&post=65671"}],"version-history":[{"count":0,"href":"https:\/\/psicologiadeapie.es\/index.php?rest_route=\/wp\/v2\/pages\/65671\/revisions"}],"wp:attachment":[{"href":"https:\/\/psicologiadeapie.es\/index.php?rest_route=%2Fwp%2Fv2%2Fmedia&parent=65671"}],"curies":[{"name":"wp","href":"https:\/\/api.w.org\/{rel}","templated":true}]}}